{"id":1733,"date":"2023-02-07T20:48:03","date_gmt":"2023-02-07T20:48:03","guid":{"rendered":"https:\/\/shiboshi.de\/?page_id=1733"},"modified":"2025-01-18T23:43:00","modified_gmt":"2025-01-18T23:43:00","slug":"news-2","status":"publish","type":"page","link":"https:\/\/guenther-pps.de\/index.php\/news-2\/","title":{"rendered":"News"},"content":{"rendered":"\t\t<div data-elementor-type=\"wp-page\" data-elementor-id=\"1733\" class=\"elementor elementor-1733\" data-elementor-post-type=\"page\">\n\t\t\t\t<div class=\"elementor-element elementor-element-486ac26 e-flex e-con-boxed e-con e-parent\" data-id=\"486ac26\" data-element_type=\"container\">\n\t\t\t\t\t<div class=\"e-con-inner\">\n\t\t\t\t<div class=\"elementor-element elementor-element-a0e6d6f elementor-widget elementor-widget-spacer\" data-id=\"a0e6d6f\" data-element_type=\"widget\" data-widget_type=\"spacer.default\">\n\t\t\t\t<div class=\"elementor-widget-container\">\n\t\t\t\t\t\t\t<div class=\"elementor-spacer\">\n\t\t\t<div class=\"elementor-spacer-inner\"><\/div>\n\t\t<\/div>\n\t\t\t\t\t\t<\/div>\n\t\t\t\t<\/div>\n\t\t\t\t\t<\/div>\n\t\t\t\t<\/div>\n\t\t<div class=\"elementor-element elementor-element-803309e e-flex e-con-boxed e-con e-parent\" data-id=\"803309e\" data-element_type=\"container\">\n\t\t\t\t\t<div class=\"e-con-inner\">\n\t\t\t\t<div class=\"elementor-element elementor-element-0e4c6a3 elementor-widget elementor-widget-text-editor\" data-id=\"0e4c6a3\" data-element_type=\"widget\" data-widget_type=\"text-editor.default\">\n\t\t\t\t<div class=\"elementor-widget-container\">\n\t\t\t\t\t\t\t\t\t<p><strong>Aktuell noch Kapazit\u00e4ten f\u00fcr Alltagshelden \u2013 Jetzt Personal sichern!<\/strong><\/p><p>Gute Nachrichten: Wir haben derzeit noch Kapazit\u00e4ten, um Ihnen kompetente und zuverl\u00e4ssige Alltagshelden zur Seite zu stellen. Egal, ob Sie kurzfristig Unterst\u00fctzung ben\u00f6tigen oder langfristig planen \u2013 unser erfahrenes Personal steht bereit, um Ihnen den Alltag zu erleichtern.<\/p><p>Profitieren Sie von unserer Flexibilit\u00e4t: Es sind noch freie Termine verf\u00fcgbar, sodass wir individuell auf Ihre W\u00fcnsche eingehen k\u00f6nnen. Z\u00f6gern Sie nicht und sichern Sie sich jetzt Ihre Unterst\u00fctzung! Kontaktieren Sie uns am besten noch heute, um alles Weitere zu besprechen.<\/p>\t\t\t\t\t\t\t\t<\/div>\n\t\t\t\t<\/div>\n\t\t\t\t\t<\/div>\n\t\t\t\t<\/div>\n\t\t<div class=\"elementor-element elementor-element-d10c931 e-flex e-con-boxed e-con e-parent\" data-id=\"d10c931\" data-element_type=\"container\">\n\t\t\t\t\t<div class=\"e-con-inner\">\n\t\t\t\t<div class=\"elementor-element elementor-element-b801887 elementor-widget elementor-widget-image\" data-id=\"b801887\" data-element_type=\"widget\" data-widget_type=\"image.default\">\n\t\t\t\t<div class=\"elementor-widget-container\">\n\t\t\t\t\t\t\t\t\t\t\t\t\t\t\t<img fetchpriority=\"high\" decoding=\"async\" width=\"702\" height=\"1024\" src=\"https:\/\/guenther-pps.de\/wp-content\/uploads\/2023\/02\/Guenther_Banner_1200x1750px_v1-702x1024.jpg\" class=\"attachment-large size-large wp-image-1797 lazyload\" alt=\"\" srcset=\"data:image\/svg+xml,%3Csvg%20xmlns%3D%27http%3A%2F%2Fwww.w3.org%2F2000%2Fsvg%27%20width%3D%271200%27%20height%3D%271750%27%20viewBox%3D%270%200%201200%201750%27%3E%3Crect%20width%3D%271200%27%20height%3D%271750%27%20fill-opacity%3D%220%22%2F%3E%3C%2Fsvg%3E\" data-orig-src=\"https:\/\/guenther-pps.de\/wp-content\/uploads\/2023\/02\/Guenther_Banner_1200x1750px_v1-702x1024.jpg\" data-srcset=\"https:\/\/guenther-pps.de\/wp-content\/uploads\/2023\/02\/Guenther_Banner_1200x1750px_v1-200x292.jpg 200w, https:\/\/guenther-pps.de\/wp-content\/uploads\/2023\/02\/Guenther_Banner_1200x1750px_v1-206x300.jpg 206w, https:\/\/guenther-pps.de\/wp-content\/uploads\/2023\/02\/Guenther_Banner_1200x1750px_v1-400x583.jpg 400w, https:\/\/guenther-pps.de\/wp-content\/uploads\/2023\/02\/Guenther_Banner_1200x1750px_v1-600x875.jpg 600w, https:\/\/guenther-pps.de\/wp-content\/uploads\/2023\/02\/Guenther_Banner_1200x1750px_v1-702x1024.jpg 702w, https:\/\/guenther-pps.de\/wp-content\/uploads\/2023\/02\/Guenther_Banner_1200x1750px_v1-768x1120.jpg 768w, https:\/\/guenther-pps.de\/wp-content\/uploads\/2023\/02\/Guenther_Banner_1200x1750px_v1-800x1167.jpg 800w, https:\/\/guenther-pps.de\/wp-content\/uploads\/2023\/02\/Guenther_Banner_1200x1750px_v1-1053x1536.jpg 1053w, https:\/\/guenther-pps.de\/wp-content\/uploads\/2023\/02\/Guenther_Banner_1200x1750px_v1.jpg 1200w\" data-sizes=\"auto\" \/>\t\t\t\t\t\t\t\t\t\t\t\t\t\t\t<\/div>\n\t\t\t\t<\/div>\n\t\t\t\t\t<\/div>\n\t\t\t\t<\/div>\n\t\t<div class=\"elementor-element elementor-element-6ef8f03 e-flex e-con-boxed e-con e-parent\" data-id=\"6ef8f03\" data-element_type=\"container\">\n\t\t\t\t\t<div class=\"e-con-inner\">\n\t\t\t\t<div class=\"elementor-element elementor-element-ce58d64 elementor-widget elementor-widget-spacer\" data-id=\"ce58d64\" data-element_type=\"widget\" data-widget_type=\"spacer.default\">\n\t\t\t\t<div class=\"elementor-widget-container\">\n\t\t\t\t\t\t\t<div class=\"elementor-spacer\">\n\t\t\t<div class=\"elementor-spacer-inner\"><\/div>\n\t\t<\/div>\n\t\t\t\t\t\t<\/div>\n\t\t\t\t<\/div>\n\t\t\t\t\t<\/div>\n\t\t\t\t<\/div>\n\t\t\t\t<\/div>\n\t\t","protected":false},"excerpt":{"rendered":"<p>Aktuell noch Kapazit\u00e4ten f\u00fcr Alltagshelden \u2013 Jetzt Personal sichern! Gute Nachrichten: Wir haben derzeit noch Kapazit\u00e4ten, um Ihnen kompetente und zuverl\u00e4ssige Alltagshelden zur Seite zu stellen. Egal, ob Sie kurzfristig Unterst\u00fctzung ben\u00f6tigen oder langfristig planen \u2013 unser erfahrenes Personal steht bereit, um Ihnen den Alltag zu erleichtern. Profitieren Sie von unserer Flexibilit\u00e4t: Es sind noch [&hellip;]<\/p>\n","protected":false},"author":1,"featured_media":0,"parent":0,"menu_order":0,"comment_status":"closed","ping_status":"closed","template":"elementor_header_footer","meta":{"footnotes":""},"class_list":["post-1733","page","type-page","status-publish","hentry"],"_links":{"self":[{"href":"https:\/\/guenther-pps.de\/index.php\/wp-json\/wp\/v2\/pages\/1733","targetHints":{"allow":["GET"]}}],"collection":[{"href":"https:\/\/guenther-pps.de\/index.php\/wp-json\/wp\/v2\/pages"}],"about":[{"href":"https:\/\/guenther-pps.de\/index.php\/wp-json\/wp\/v2\/types\/page"}],"author":[{"embeddable":true,"href":"https:\/\/guenther-pps.de\/index.php\/wp-json\/wp\/v2\/users\/1"}],"replies":[{"embeddable":true,"href":"https:\/\/guenther-pps.de\/index.php\/wp-json\/wp\/v2\/comments?post=1733"}],"version-history":[{"count":8,"href":"https:\/\/guenther-pps.de\/index.php\/wp-json\/wp\/v2\/pages\/1733\/revisions"}],"predecessor-version":[{"id":2581,"href":"https:\/\/guenther-pps.de\/index.php\/wp-json\/wp\/v2\/pages\/1733\/revisions\/2581"}],"wp:attachment":[{"href":"https:\/\/guenther-pps.de\/index.php\/wp-json\/wp\/v2\/media?parent=1733"}],"curies":[{"name":"wp","href":"https:\/\/api.w.org\/{rel}","templated":true}]}}