{"id":1751,"date":"2023-02-11T10:37:56","date_gmt":"2023-02-11T10:37:56","guid":{"rendered":"https:\/\/shiboshi.de\/?page_id=1751"},"modified":"2025-01-25T12:31:27","modified_gmt":"2025-01-25T12:31:27","slug":"kontakt-pflegepersonalservice","status":"publish","type":"page","link":"https:\/\/guenther-pps.de\/index.php\/kontakt-pflegepersonalservice\/","title":{"rendered":"Kontakt Pflegepersonalservice"},"content":{"rendered":"\t\t<div data-elementor-type=\"wp-page\" data-elementor-id=\"1751\" class=\"elementor elementor-1751\" data-elementor-post-type=\"page\">\n\t\t\t\t<div class=\"elementor-element elementor-element-377ab4e e-flex e-con-boxed e-con e-parent\" data-id=\"377ab4e\" data-element_type=\"container\">\n\t\t\t\t\t<div class=\"e-con-inner\">\n\t\t\t\t<div class=\"elementor-element elementor-element-74f7b65 elementor-widget elementor-widget-spacer\" data-id=\"74f7b65\" data-element_type=\"widget\" data-widget_type=\"spacer.default\">\n\t\t\t\t<div class=\"elementor-widget-container\">\n\t\t\t\t\t\t\t<div class=\"elementor-spacer\">\n\t\t\t<div class=\"elementor-spacer-inner\"><\/div>\n\t\t<\/div>\n\t\t\t\t\t\t<\/div>\n\t\t\t\t<\/div>\n\t\t\t\t\t<\/div>\n\t\t\t\t<\/div>\n\t\t<div class=\"elementor-element elementor-element-c3d969e e-flex e-con-boxed e-con e-parent\" data-id=\"c3d969e\" data-element_type=\"container\">\n\t\t\t\t\t<div class=\"e-con-inner\">\n\t\t<div class=\"elementor-element elementor-element-ac23a34 e-con-full e-flex e-con e-child\" data-id=\"ac23a34\" data-element_type=\"container\">\n\t\t\t\t<div class=\"elementor-element elementor-element-b7cadfb elementor-widget elementor-widget-text-editor\" data-id=\"b7cadfb\" data-element_type=\"widget\" data-widget_type=\"text-editor.default\">\n\t\t\t\t<div class=\"elementor-widget-container\">\n\t\t\t\t\t\t\t\t\t<p>Hast Du noch Fragen? Z\u00f6gere nicht und nimm Kontakt mit uns auf. Ganz unverbindlich. Bei uns liegt der Fokus klar auf dem Mitarbeiter. <br \/>Von der alleinerziehenden Mutter bis hin zum in einer Wochenendbeziehung stehenden Vater. <br \/>Auch Quer- und Wiedereinsteiger sind willkommen. Wir finden f\u00fcr jeden die eine individuelle M\u00f6glichkeit. Vollzeit, Teilzeit oder geringf\u00fcgige Besch\u00e4ftigung. Alles ist m\u00f6glich.<\/p><p>Du willst keine Wochenenden und Feiertage arbeiten oder willst Du nur an den Wochenenden arbeiten? Kein Problem. Wir halten, was andere versprechen.<\/p>\t\t\t\t\t\t\t\t<\/div>\n\t\t\t\t<\/div>\n\t\t\t\t<\/div>\n\t\t<div class=\"elementor-element elementor-element-82a20d3 e-con-full e-flex e-con e-child\" data-id=\"82a20d3\" data-element_type=\"container\">\n\t\t\t\t<div class=\"elementor-element elementor-element-422652e elementor-widget elementor-widget-text-editor\" data-id=\"422652e\" data-element_type=\"widget\" data-widget_type=\"text-editor.default\">\n\t\t\t\t<div class=\"elementor-widget-container\">\n\t\t\t\t\t\t\t\t\t<div class=\"fusion-li-item-content\"><h3>Kontakt<\/h3><\/div>\t\t\t\t\t\t\t\t<\/div>\n\t\t\t\t<\/div>\n\t\t\t\t<div class=\"elementor-element elementor-element-8dfa709 elementor-widget elementor-widget-text-editor\" data-id=\"8dfa709\" data-element_type=\"widget\" data-widget_type=\"text-editor.default\">\n\t\t\t\t<div class=\"elementor-widget-container\">\n\t\t\t\t\t\t\t\t\t<div class=\"fusion-li-item-content\"><div data-block-id=\"block-ab7fc8d5-210a-48cb-b5dd-51c7f34e9b69\">Telefon: 04442 83 28 920<br \/>Mobil: 0157 57 38 16 75<br \/>Mail: <a style=\"font-family: var( --e-global-typography-text-font-family ), Sans-serif; font-weight: var( --e-global-typography-text-font-weight ); text-align: var(--text-align); font-size: 1rem; text-decoration-line: underline; background-color: #ffffff;\" href=\"mailto:info@guenther-pps.de\">info@guenther-pps.de<\/a><\/div><\/div><div data-block-id=\"block-ab7fc8d5-210a-48cb-b5dd-51c7f34e9b69\">\u00a0<\/div><div data-block-id=\"block-ab7fc8d5-210a-48cb-b5dd-51c7f34e9b69\"><div data-block-id=\"block-ab7fc8d5-210a-48cb-b5dd-51c7f34e9b69\"><strong>Pflegepersonalservice<\/strong><\/div><div class=\"fusion-li-item-content\"><div class=\"ql-block\" data-block-id=\"block-ab7fc8d5-210a-48cb-b5dd-51c7f34e9b69\">Urlagen Kamp 15<\/div><div class=\"ql-block\" data-block-id=\"block-3010328e-217a-4e23-8728-ac642f3ea7ed\">49393 Lohne<\/div><\/div><\/div>\t\t\t\t\t\t\t\t<\/div>\n\t\t\t\t<\/div>\n\t\t\t\t<\/div>\n\t\t<div class=\"elementor-element elementor-element-cb33300 e-con-full e-flex e-con e-child\" data-id=\"cb33300\" data-element_type=\"container\">\n\t\t\t\t<div class=\"elementor-element elementor-element-5d514e3 elementor-widget elementor-widget-button\" data-id=\"5d514e3\" data-element_type=\"widget\" data-widget_type=\"button.default\">\n\t\t\t\t<div class=\"elementor-widget-container\">\n\t\t\t\t\t\t\t\t\t<div class=\"elementor-button-wrapper\">\n\t\t\t\t\t<a class=\"elementor-button elementor-button-link elementor-size-sm\" href=\"https:\/\/api.whatsapp.com\/send?phone=+4915757381675\">\n\t\t\t\t\t\t<span class=\"elementor-button-content-wrapper\">\n\t\t\t\t\t\t\t\t\t<span class=\"elementor-button-text\">Kontaktiere uns per WhatsApp<\/span>\n\t\t\t\t\t<\/span>\n\t\t\t\t\t<\/a>\n\t\t\t\t<\/div>\n\t\t\t\t\t\t\t\t<\/div>\n\t\t\t\t<\/div>\n\t\t\t\t<\/div>\n\t\t\t\t\t<\/div>\n\t\t\t\t<\/div>\n\t\t<div class=\"elementor-element elementor-element-3bb8415 e-flex e-con-boxed e-con e-parent\" data-id=\"3bb8415\" data-element_type=\"container\">\n\t\t\t\t\t<div class=\"e-con-inner\">\n\t\t\t\t<div class=\"elementor-element elementor-element-5b6acf5 elementor-widget elementor-widget-spacer\" data-id=\"5b6acf5\" data-element_type=\"widget\" data-widget_type=\"spacer.default\">\n\t\t\t\t<div class=\"elementor-widget-container\">\n\t\t\t\t\t\t\t<div class=\"elementor-spacer\">\n\t\t\t<div class=\"elementor-spacer-inner\"><\/div>\n\t\t<\/div>\n\t\t\t\t\t\t<\/div>\n\t\t\t\t<\/div>\n\t\t\t\t\t<\/div>\n\t\t\t\t<\/div>\n\t\t<div class=\"elementor-element elementor-element-9f0ae84 e-flex e-con-boxed e-con e-parent\" data-id=\"9f0ae84\" data-element_type=\"container\">\n\t\t\t\t\t<div class=\"e-con-inner\">\n\t\t\t\t<div class=\"elementor-element elementor-element-f084cc7 elementor-button-align-start elementor-widget elementor-widget-form\" data-id=\"f084cc7\" data-element_type=\"widget\" data-settings=\"{&quot;step_next_label&quot;:&quot;N\\u00e4chster&quot;,&quot;step_previous_label&quot;:&quot;Voriger&quot;,&quot;button_width&quot;:&quot;100&quot;,&quot;step_type&quot;:&quot;number_text&quot;,&quot;step_icon_shape&quot;:&quot;circle&quot;}\" data-widget_type=\"form.default\">\n\t\t\t\t<div class=\"elementor-widget-container\">\n\t\t\t\t\t\t\t<form class=\"elementor-form\" method=\"post\" name=\"Kontakt Pflegepersonalservice\">\n\t\t\t<input type=\"hidden\" name=\"post_id\" value=\"1751\"\/>\n\t\t\t<input type=\"hidden\" name=\"form_id\" value=\"f084cc7\"\/>\n\t\t\t<input type=\"hidden\" name=\"referer_title\" value=\"Kontakt Pflegepersonalservice\" \/>\n\n\t\t\t\t\t\t\t<input type=\"hidden\" name=\"queried_id\" value=\"1751\"\/>\n\t\t\t\n\t\t\t<div class=\"elementor-form-fields-wrapper elementor-labels-\">\n\t\t\t\t\t\t\t\t<div class=\"elementor-field-type-text elementor-field-group elementor-column elementor-field-group-name elementor-col-100\">\n\t\t\t\t\t\t\t\t\t\t\t\t<label for=\"form-field-name\" class=\"elementor-field-label elementor-screen-only\">\n\t\t\t\t\t\t\t\tName\t\t\t\t\t\t\t<\/label>\n\t\t\t\t\t\t\t\t\t\t\t\t\t\t<input size=\"1\" type=\"text\" name=\"form_fields[name]\" id=\"form-field-name\" class=\"elementor-field elementor-size-sm  elementor-field-textual\" placeholder=\"Name\">\n\t\t\t\t\t\t\t\t\t\t\t<\/div>\n\t\t\t\t\t\t\t\t<div class=\"elementor-field-type-email elementor-field-group elementor-column elementor-field-group-email elementor-col-100 elementor-field-required\">\n\t\t\t\t\t\t\t\t\t\t\t\t<label for=\"form-field-email\" class=\"elementor-field-label elementor-screen-only\">\n\t\t\t\t\t\t\t\tE-Mail\t\t\t\t\t\t\t<\/label>\n\t\t\t\t\t\t\t\t\t\t\t\t\t\t<input size=\"1\" type=\"email\" name=\"form_fields[email]\" id=\"form-field-email\" class=\"elementor-field elementor-size-sm  elementor-field-textual\" placeholder=\"E-Mail\" required=\"required\">\n\t\t\t\t\t\t\t\t\t\t\t<\/div>\n\t\t\t\t\t\t\t\t<div class=\"elementor-field-type-textarea elementor-field-group elementor-column elementor-field-group-message elementor-col-100\">\n\t\t\t\t\t\t\t\t\t\t\t\t<label for=\"form-field-message\" class=\"elementor-field-label elementor-screen-only\">\n\t\t\t\t\t\t\t\tNachricht\t\t\t\t\t\t\t<\/label>\n\t\t\t\t\t\t<textarea class=\"elementor-field-textual elementor-field  elementor-size-sm\" name=\"form_fields[message]\" id=\"form-field-message\" rows=\"4\" placeholder=\"Nachricht\"><\/textarea>\t\t\t\t<\/div>\n\t\t\t\t\t\t\t\t<div class=\"elementor-field-group elementor-column elementor-field-type-submit elementor-col-100 e-form__buttons\">\n\t\t\t\t\t<button class=\"elementor-button elementor-size-sm\" type=\"submit\">\n\t\t\t\t\t\t<span class=\"elementor-button-content-wrapper\">\n\t\t\t\t\t\t\t\t\t\t\t\t\t\t\t\t\t\t\t\t\t\t<span class=\"elementor-button-text\">Senden<\/span>\n\t\t\t\t\t\t\t\t\t\t\t\t\t<\/span>\n\t\t\t\t\t<\/button>\n\t\t\t\t<\/div>\n\t\t\t<\/div>\n\t\t<\/form>\n\t\t\t\t\t\t<\/div>\n\t\t\t\t<\/div>\n\t\t\t\t\t<\/div>\n\t\t\t\t<\/div>\n\t\t\t\t<\/div>\n\t\t","protected":false},"excerpt":{"rendered":"<p>Hast Du noch Fragen? Z\u00f6gere nicht und nimm Kontakt mit uns auf. Ganz unverbindlich. Bei uns liegt der Fokus klar auf dem Mitarbeiter. Von der alleinerziehenden Mutter bis hin zum in einer Wochenendbeziehung stehenden Vater. Auch Quer- und Wiedereinsteiger sind willkommen. Wir finden f\u00fcr jeden die eine individuelle M\u00f6glichkeit. Vollzeit, Teilzeit oder geringf\u00fcgige Besch\u00e4ftigung. Alles [&hellip;]<\/p>\n","protected":false},"author":1,"featured_media":0,"parent":0,"menu_order":0,"comment_status":"closed","ping_status":"closed","template":"elementor_header_footer","meta":{"footnotes":""},"class_list":["post-1751","page","type-page","status-publish","hentry"],"_links":{"self":[{"href":"https:\/\/guenther-pps.de\/index.php\/wp-json\/wp\/v2\/pages\/1751","targetHints":{"allow":["GET"]}}],"collection":[{"href":"https:\/\/guenther-pps.de\/index.php\/wp-json\/wp\/v2\/pages"}],"about":[{"href":"https:\/\/guenther-pps.de\/index.php\/wp-json\/wp\/v2\/types\/page"}],"author":[{"embeddable":true,"href":"https:\/\/guenther-pps.de\/index.php\/wp-json\/wp\/v2\/users\/1"}],"replies":[{"embeddable":true,"href":"https:\/\/guenther-pps.de\/index.php\/wp-json\/wp\/v2\/comments?post=1751"}],"version-history":[{"count":26,"href":"https:\/\/guenther-pps.de\/index.php\/wp-json\/wp\/v2\/pages\/1751\/revisions"}],"predecessor-version":[{"id":3097,"href":"https:\/\/guenther-pps.de\/index.php\/wp-json\/wp\/v2\/pages\/1751\/revisions\/3097"}],"wp:attachment":[{"href":"https:\/\/guenther-pps.de\/index.php\/wp-json\/wp\/v2\/media?parent=1751"}],"curies":[{"name":"wp","href":"https:\/\/api.w.org\/{rel}","templated":true}]}}