{"id":1854,"date":"2023-03-14T08:41:43","date_gmt":"2023-03-14T08:41:43","guid":{"rendered":"https:\/\/shiboshi.de\/?page_id=1854"},"modified":"2025-01-23T20:06:37","modified_gmt":"2025-01-23T20:06:37","slug":"buch-leben-retten","status":"publish","type":"page","link":"https:\/\/guenther-pps.de\/index.php\/buch-leben-retten\/","title":{"rendered":"Mal- und Arbeitsb\u00fccher k\u00f6nnen Leben retten"},"content":{"rendered":"\t\t<div data-elementor-type=\"wp-page\" data-elementor-id=\"1854\" class=\"elementor elementor-1854\" data-elementor-post-type=\"page\">\n\t\t\t\t<div class=\"elementor-element elementor-element-7572c6fd e-flex e-con-boxed e-con e-parent\" data-id=\"7572c6fd\" data-element_type=\"container\">\n\t\t\t\t\t<div class=\"e-con-inner\">\n\t\t\t\t<div class=\"elementor-element elementor-element-307ab73 elementor-widget elementor-widget-spacer\" data-id=\"307ab73\" data-element_type=\"widget\" data-widget_type=\"spacer.default\">\n\t\t\t\t<div class=\"elementor-widget-container\">\n\t\t\t\t\t\t\t<div class=\"elementor-spacer\">\n\t\t\t<div class=\"elementor-spacer-inner\"><\/div>\n\t\t<\/div>\n\t\t\t\t\t\t<\/div>\n\t\t\t\t<\/div>\n\t\t\t\t<div class=\"elementor-element elementor-element-15fc556 elementor-widget elementor-widget-text-editor\" data-id=\"15fc556\" data-element_type=\"widget\" data-widget_type=\"text-editor.default\">\n\t\t\t\t<div class=\"elementor-widget-container\">\n\t\t\t\t\t\t\t\t\t<strong>Wir sind dabei!<\/strong>\n\n<br> <br>Feuer ist W\u00e4rme, Licht und Behaglichkeit \u2013 und kann doch zu einer lebensbedrohlichen, zerst\u00f6rerischen Gefahr werden!<br> \n\nInsbesondere unseren Kindern wird die Faszination f\u00fcr das flackernde, spannende Element Feuer immer wieder zum Verh\u00e4ngnis: Wenn Neugierde auf fehlendes Gefahrenbewusstsein st\u00f6\u00dft, sind versehentlich verursachte Br\u00e4nde, Verletzungen und Schlimmeres die Folge. <br> <br>\n\nWie reagiert man, wenn es brennt? Die kindgerechte Beantwortung dieser Frage haben sich der Kreisfeuerwehrverband Vechta und der K&amp;L Verlag zum Ziel gesetzt und ein leichtverst\u00e4ndliches Mal- und Arbeitsbuch f\u00fcr M\u00e4dchen und Jungen im Grundschulalter herausgegeben.<strong>\u00a0<\/strong>Wir finden: Das ist eine gute Sache! <br><br>\n\n\n\n<strong>Deshalb<\/strong><strong> unterst\u00fctzen wir <\/strong><strong>das Projekt<\/strong><br>\n\nDie einpr\u00e4gsamen Informationen, lehrreichen Aufgaben und liebevollen Illustrationen des neuen Brandschutzbuchs \u201eSicher mit Feuer und Flamme\u201c wurden in enger Zusammenarbeit mit Brandschutzexperten der Feuerwehren entwickelt. Durch die Bearbeitung zu Hause oder in der Schule k\u00f6nnen die Kinder das durch die Feuerwehren vermittelte Brandschutzbewusstsein und die Anleitungen zum richtigen Verhalten nachweislich besser verstehen und vertiefen.<p>\n\nZus\u00e4tzliche digitale Inhalte wie Videos oder Lernerfolgskontrollen, die mithilfe modernster AR-Technologie und einer kostenlosen App verf\u00fcgbar sind, machen das Arbeitsbuch dar\u00fcber hinaus zu einem begeisternden Erlebnis!<p>\n\nLeben retten k\u00f6nnen zudem auch die innovativen \u201eKinderfinder\u201c-Aufkleber, die zusammen mit dem Buch ausgegeben werden. An der Kinderzimmert\u00fcr weisen sie im Notfall den Rettungskr\u00e4ften ihren Weg zu den jungen Familienmitgliedern, die besonders auf Hilfe angewiesen sind und sich in Gefahrensituationen oft in Schr\u00e4nken oder unter dem Bett verstecken.<p>\n\nMithilfe der Unterst\u00fctzung vieler \u00f6rtlicher Unternehmen k\u00f6nnen die\u00a0Arbeitsb\u00fccher kostenlos an die Grundschulkinder ausgegeben werden. <strong>Ein Engagement, dem wir uns sehr gerne anschlie\u00dfen. <\/strong><p>\n\nM\u00f6chten Sie mehr \u00fcber das Projekt erfahren? Hier gibt es einen Kurzfilm mit der Feuerwehr Hamburg und weitere Informationen zum Projekt\u00a0 <a href=\"https:\/\/www.kl-verlag.de\">www.kl-verlag.de<\/a>\t\t\t\t\t\t\t\t<\/div>\n\t\t\t\t<\/div>\n\t\t\t\t\t<\/div>\n\t\t\t\t<\/div>\n\t\t<div class=\"elementor-element elementor-element-a5b7195 e-flex e-con-boxed e-con e-parent\" data-id=\"a5b7195\" data-element_type=\"container\">\n\t\t\t\t\t<div class=\"e-con-inner\">\n\t\t\t\t<div class=\"elementor-element elementor-element-b3fb9c9 elementor-widget elementor-widget-image\" data-id=\"b3fb9c9\" data-element_type=\"widget\" data-widget_type=\"image.default\">\n\t\t\t\t<div class=\"elementor-widget-container\">\n\t\t\t\t\t\t\t\t\t\t\t\t\t\t\t<img fetchpriority=\"high\" decoding=\"async\" width=\"768\" height=\"768\" src=\"https:\/\/guenther-pps.de\/wp-content\/uploads\/2023\/03\/Brandschutzbuch_150dpi-768x768.jpg\" class=\"attachment-medium_large size-medium_large wp-image-1852 lazyload\" alt=\"\" srcset=\"data:image\/svg+xml,%3Csvg%20xmlns%3D%27http%3A%2F%2Fwww.w3.org%2F2000%2Fsvg%27%20width%3D%271250%27%20height%3D%271250%27%20viewBox%3D%270%200%201250%201250%27%3E%3Crect%20width%3D%271250%27%20height%3D%271250%27%20fill-opacity%3D%220%22%2F%3E%3C%2Fsvg%3E\" data-orig-src=\"https:\/\/guenther-pps.de\/wp-content\/uploads\/2023\/03\/Brandschutzbuch_150dpi-768x768.jpg\" data-srcset=\"https:\/\/guenther-pps.de\/wp-content\/uploads\/2023\/03\/Brandschutzbuch_150dpi-66x66.jpg 66w, https:\/\/guenther-pps.de\/wp-content\/uploads\/2023\/03\/Brandschutzbuch_150dpi-150x150.jpg 150w, https:\/\/guenther-pps.de\/wp-content\/uploads\/2023\/03\/Brandschutzbuch_150dpi-200x200.jpg 200w, https:\/\/guenther-pps.de\/wp-content\/uploads\/2023\/03\/Brandschutzbuch_150dpi-300x300.jpg 300w, https:\/\/guenther-pps.de\/wp-content\/uploads\/2023\/03\/Brandschutzbuch_150dpi-400x400.jpg 400w, https:\/\/guenther-pps.de\/wp-content\/uploads\/2023\/03\/Brandschutzbuch_150dpi-600x600.jpg 600w, https:\/\/guenther-pps.de\/wp-content\/uploads\/2023\/03\/Brandschutzbuch_150dpi-768x768.jpg 768w, https:\/\/guenther-pps.de\/wp-content\/uploads\/2023\/03\/Brandschutzbuch_150dpi-800x800.jpg 800w, https:\/\/guenther-pps.de\/wp-content\/uploads\/2023\/03\/Brandschutzbuch_150dpi-1024x1024.jpg 1024w, https:\/\/guenther-pps.de\/wp-content\/uploads\/2023\/03\/Brandschutzbuch_150dpi-1200x1200.jpg 1200w, https:\/\/guenther-pps.de\/wp-content\/uploads\/2023\/03\/Brandschutzbuch_150dpi.jpg 1250w\" data-sizes=\"auto\" \/>\t\t\t\t\t\t\t\t\t\t\t\t\t\t\t<\/div>\n\t\t\t\t<\/div>\n\t\t\t\t\t<\/div>\n\t\t\t\t<\/div>\n\t\t<div class=\"elementor-element elementor-element-95b5848 e-flex e-con-boxed e-con e-parent\" data-id=\"95b5848\" data-element_type=\"container\">\n\t\t\t\t\t<div class=\"e-con-inner\">\n\t\t\t\t<div class=\"elementor-element elementor-element-5324634 elementor-widget elementor-widget-spacer\" data-id=\"5324634\" data-element_type=\"widget\" data-widget_type=\"spacer.default\">\n\t\t\t\t<div class=\"elementor-widget-container\">\n\t\t\t\t\t\t\t<div class=\"elementor-spacer\">\n\t\t\t<div class=\"elementor-spacer-inner\"><\/div>\n\t\t<\/div>\n\t\t\t\t\t\t<\/div>\n\t\t\t\t<\/div>\n\t\t\t\t\t<\/div>\n\t\t\t\t<\/div>\n\t\t\t\t<\/div>\n\t\t","protected":false},"excerpt":{"rendered":"<p>Wir sind dabei! Feuer ist W\u00e4rme, Licht und Behaglichkeit \u2013 und kann doch zu einer lebensbedrohlichen, zerst\u00f6rerischen Gefahr werden! Insbesondere unseren Kindern wird die Faszination f\u00fcr das flackernde, spannende Element Feuer immer wieder zum Verh\u00e4ngnis: Wenn Neugierde auf fehlendes Gefahrenbewusstsein st\u00f6\u00dft, sind versehentlich verursachte Br\u00e4nde, Verletzungen und Schlimmeres die Folge. Wie reagiert man, wenn es [&hellip;]<\/p>\n","protected":false},"author":1,"featured_media":0,"parent":0,"menu_order":0,"comment_status":"closed","ping_status":"closed","template":"elementor_header_footer","meta":{"footnotes":""},"class_list":["post-1854","page","type-page","status-publish","hentry"],"_links":{"self":[{"href":"https:\/\/guenther-pps.de\/index.php\/wp-json\/wp\/v2\/pages\/1854","targetHints":{"allow":["GET"]}}],"collection":[{"href":"https:\/\/guenther-pps.de\/index.php\/wp-json\/wp\/v2\/pages"}],"about":[{"href":"https:\/\/guenther-pps.de\/index.php\/wp-json\/wp\/v2\/types\/page"}],"author":[{"embeddable":true,"href":"https:\/\/guenther-pps.de\/index.php\/wp-json\/wp\/v2\/users\/1"}],"replies":[{"embeddable":true,"href":"https:\/\/guenther-pps.de\/index.php\/wp-json\/wp\/v2\/comments?post=1854"}],"version-history":[{"count":10,"href":"https:\/\/guenther-pps.de\/index.php\/wp-json\/wp\/v2\/pages\/1854\/revisions"}],"predecessor-version":[{"id":2948,"href":"https:\/\/guenther-pps.de\/index.php\/wp-json\/wp\/v2\/pages\/1854\/revisions\/2948"}],"wp:attachment":[{"href":"https:\/\/guenther-pps.de\/index.php\/wp-json\/wp\/v2\/media?parent=1854"}],"curies":[{"name":"wp","href":"https:\/\/api.w.org\/{rel}","templated":true}]}}