{"id":2689,"date":"2025-01-22T19:55:11","date_gmt":"2025-01-22T19:55:11","guid":{"rendered":"https:\/\/guenther-pps.de\/?page_id=2689"},"modified":"2025-01-25T12:29:32","modified_gmt":"2025-01-25T12:29:32","slug":"alltagshelden","status":"publish","type":"page","link":"https:\/\/guenther-pps.de\/index.php\/alltagshelden\/","title":{"rendered":"Alltagshelden"},"content":{"rendered":"\t\t<div data-elementor-type=\"wp-page\" data-elementor-id=\"2689\" class=\"elementor elementor-2689\" data-elementor-post-type=\"page\">\n\t\t\t\t<div class=\"elementor-element elementor-element-34c79912 e-con-full e-flex e-con e-parent\" data-id=\"34c79912\" data-element_type=\"container\">\n\t\t\t\t<div class=\"elementor-element elementor-element-569a853d elementor-widget elementor-widget-image\" data-id=\"569a853d\" data-element_type=\"widget\" data-widget_type=\"image.default\">\n\t\t\t\t<div class=\"elementor-widget-container\">\n\t\t\t\t\t\t\t\t\t\t\t\t\t\t\t<img fetchpriority=\"high\" decoding=\"async\" width=\"1920\" height=\"867\" src=\"https:\/\/guenther-pps.de\/wp-content\/uploads\/2025\/01\/Bannerbild.png\" class=\"attachment-full size-full wp-image-2440 lazyload\" alt=\"\" srcset=\"data:image\/svg+xml,%3Csvg%20xmlns%3D%27http%3A%2F%2Fwww.w3.org%2F2000%2Fsvg%27%20width%3D%271920%27%20height%3D%27867%27%20viewBox%3D%270%200%201920%20867%27%3E%3Crect%20width%3D%271920%27%20height%3D%27867%27%20fill-opacity%3D%220%22%2F%3E%3C%2Fsvg%3E\" data-orig-src=\"https:\/\/guenther-pps.de\/wp-content\/uploads\/2025\/01\/Bannerbild.png\" data-srcset=\"https:\/\/guenther-pps.de\/wp-content\/uploads\/2025\/01\/Bannerbild-200x90.png 200w, https:\/\/guenther-pps.de\/wp-content\/uploads\/2025\/01\/Bannerbild-300x135.png 300w, https:\/\/guenther-pps.de\/wp-content\/uploads\/2025\/01\/Bannerbild-400x181.png 400w, https:\/\/guenther-pps.de\/wp-content\/uploads\/2025\/01\/Bannerbild-600x271.png 600w, https:\/\/guenther-pps.de\/wp-content\/uploads\/2025\/01\/Bannerbild-768x347.png 768w, https:\/\/guenther-pps.de\/wp-content\/uploads\/2025\/01\/Bannerbild-800x361.png 800w, https:\/\/guenther-pps.de\/wp-content\/uploads\/2025\/01\/Bannerbild-1024x462.png 1024w, https:\/\/guenther-pps.de\/wp-content\/uploads\/2025\/01\/Bannerbild-1200x542.png 1200w, https:\/\/guenther-pps.de\/wp-content\/uploads\/2025\/01\/Bannerbild-1536x694.png 1536w, https:\/\/guenther-pps.de\/wp-content\/uploads\/2025\/01\/Bannerbild.png 1920w\" data-sizes=\"auto\" \/>\t\t\t\t\t\t\t\t\t\t\t\t\t\t\t<\/div>\n\t\t\t\t<\/div>\n\t\t\t\t<\/div>\n\t\t<div class=\"elementor-element elementor-element-3ea660 e-flex e-con-boxed e-con e-parent\" data-id=\"3ea660\" data-element_type=\"container\" data-settings=\"{&quot;background_background&quot;:&quot;classic&quot;}\">\n\t\t\t\t\t<div class=\"e-con-inner\">\n\t\t\t\t<div class=\"elementor-element elementor-element-1d17d916 elementor-widget elementor-widget-spacer\" data-id=\"1d17d916\" data-element_type=\"widget\" data-widget_type=\"spacer.default\">\n\t\t\t\t<div class=\"elementor-widget-container\">\n\t\t\t\t\t\t\t<div class=\"elementor-spacer\">\n\t\t\t<div class=\"elementor-spacer-inner\"><\/div>\n\t\t<\/div>\n\t\t\t\t\t\t<\/div>\n\t\t\t\t<\/div>\n\t\t\t\t<div class=\"elementor-element elementor-element-39d5f818 elementor-widget elementor-widget-image\" data-id=\"39d5f818\" data-element_type=\"widget\" data-widget_type=\"image.default\">\n\t\t\t\t<div class=\"elementor-widget-container\">\n\t\t\t\t\t\t\t\t\t\t\t\t\t\t\t<img decoding=\"async\" width=\"734\" height=\"304\" src=\"https:\/\/guenther-pps.de\/wp-content\/uploads\/2025\/01\/Guenther_Alltagshelden_Logo_RZ_weiss.png\" class=\"attachment-large size-large wp-image-2436 lazyload\" alt=\"\" srcset=\"data:image\/svg+xml,%3Csvg%20xmlns%3D%27http%3A%2F%2Fwww.w3.org%2F2000%2Fsvg%27%20width%3D%27734%27%20height%3D%27304%27%20viewBox%3D%270%200%20734%20304%27%3E%3Crect%20width%3D%27734%27%20height%3D%27304%27%20fill-opacity%3D%220%22%2F%3E%3C%2Fsvg%3E\" data-orig-src=\"https:\/\/guenther-pps.de\/wp-content\/uploads\/2025\/01\/Guenther_Alltagshelden_Logo_RZ_weiss.png\" data-srcset=\"https:\/\/guenther-pps.de\/wp-content\/uploads\/2025\/01\/Guenther_Alltagshelden_Logo_RZ_weiss-200x83.png 200w, https:\/\/guenther-pps.de\/wp-content\/uploads\/2025\/01\/Guenther_Alltagshelden_Logo_RZ_weiss-300x124.png 300w, https:\/\/guenther-pps.de\/wp-content\/uploads\/2025\/01\/Guenther_Alltagshelden_Logo_RZ_weiss-400x166.png 400w, https:\/\/guenther-pps.de\/wp-content\/uploads\/2025\/01\/Guenther_Alltagshelden_Logo_RZ_weiss-600x249.png 600w, https:\/\/guenther-pps.de\/wp-content\/uploads\/2025\/01\/Guenther_Alltagshelden_Logo_RZ_weiss.png 734w\" data-sizes=\"auto\" \/>\t\t\t\t\t\t\t\t\t\t\t\t\t\t\t<\/div>\n\t\t\t\t<\/div>\n\t\t\t\t<div class=\"elementor-element elementor-element-665233c elementor-widget elementor-widget-spacer\" data-id=\"665233c\" data-element_type=\"widget\" data-widget_type=\"spacer.default\">\n\t\t\t\t<div class=\"elementor-widget-container\">\n\t\t\t\t\t\t\t<div class=\"elementor-spacer\">\n\t\t\t<div class=\"elementor-spacer-inner\"><\/div>\n\t\t<\/div>\n\t\t\t\t\t\t<\/div>\n\t\t\t\t<\/div>\n\t\t\t\t\t<\/div>\n\t\t\t\t<\/div>\n\t\t<div class=\"elementor-element elementor-element-6c47303 e-flex e-con-boxed e-con e-parent\" data-id=\"6c47303\" data-element_type=\"container\">\n\t\t\t\t\t<div class=\"e-con-inner\">\n\t\t<div class=\"elementor-element elementor-element-caccdf2 e-con-full e-flex e-con e-child\" data-id=\"caccdf2\" data-element_type=\"container\">\n\t\t\t\t<div class=\"elementor-element elementor-element-7f6f71e3 elementor-widget elementor-widget-heading\" data-id=\"7f6f71e3\" data-element_type=\"widget\" data-widget_type=\"heading.default\">\n\t\t\t\t<div class=\"elementor-widget-container\">\n\t\t\t\t\t<h2 class=\"elementor-heading-title elementor-size-default\">Sch\u00f6ne Erlebnisse schaffen<\/h2>\t\t\t\t<\/div>\n\t\t\t\t<\/div>\n\t\t\t\t<div class=\"elementor-element elementor-element-9c64c93 elementor-widget-divider--view-line elementor-widget elementor-widget-divider\" data-id=\"9c64c93\" data-element_type=\"widget\" data-widget_type=\"divider.default\">\n\t\t\t\t<div class=\"elementor-widget-container\">\n\t\t\t\t\t\t\t<div class=\"elementor-divider\">\n\t\t\t<span class=\"elementor-divider-separator\">\n\t\t\t\t\t\t<\/span>\n\t\t<\/div>\n\t\t\t\t\t\t<\/div>\n\t\t\t\t<\/div>\n\t\t\t\t<div class=\"elementor-element elementor-element-549330ee elementor-widget elementor-widget-text-editor\" data-id=\"549330ee\" data-element_type=\"widget\" data-widget_type=\"text-editor.default\">\n\t\t\t\t<div class=\"elementor-widget-container\">\n\t\t\t\t\t\t\t\t\t<p>Die Alltagshelden sind f\u00fcr Menschen mit Pflegegrad, pflegende Angeh\u00f6rige und alle, die in diesem Bereich t\u00e4tig werden m\u00f6chten, da. Wir entlasten im Alltag mit Angeboten zur Unterst\u00fctzung gem\u00e4\u00df \u00a7 45b SGB XI. Daf\u00fcr stehen monatlich 131,00 \u20ac ab Pflegegrad 1 zur Verf\u00fcgung \u2013 der sogenannte Entlastungsbeitrag, der in unserem Flyer anschaulich erkl\u00e4rt ist. F\u00fcr die Umsetzung ist eine Zulassung erforderlich \u2013 und diese haben wir!<\/p><p><strong>Was machen wir:<\/strong><\/p><ul class=\"ql-rendered-list-container\" data-is-root=\"true\"><li class=\"ql-rendered-bullet-list\" data-block-id=\"block-4ee0214f-ec4e-4df7-add3-2594f1eacd6e\"><p>Einzelbetreuung<\/p><\/li><li class=\"ql-rendered-bullet-list\" data-block-id=\"block-ba0ad191-6ecc-41c6-a347-ef3d95a425b7\"><p>Gruppenbetreuung<\/p><\/li><li class=\"ql-rendered-bullet-list\" data-block-id=\"block-6de407b8-a65d-440d-8ee6-40a1165c72b4\"><p>Entlastung von Pflegenden<\/p><\/li><li class=\"ql-rendered-bullet-list\" data-block-id=\"block-01e6e3fc-9c4e-4dae-bda6-4a392e9c6741\"><p>Entlastung durch individuelle Hilfen<\/p><\/li><li class=\"ql-rendered-bullet-list\" data-block-id=\"block-49f1553a-ad96-4084-9b73-e0b9a6b913f4\"><p>Entlastung bei der Haushaltsf\u00fchrung<\/p><\/li><li class=\"ql-rendered-bullet-list\" data-block-id=\"block-360ba5df-c2c7-467b-be30-41c6e03a3a53\"><p>Verhinderungspflege<\/p><\/li><\/ul>\t\t\t\t\t\t\t\t<\/div>\n\t\t\t\t<\/div>\n\t\t\t\t<\/div>\n\t\t<div class=\"elementor-element elementor-element-dc5e308 e-con-full e-flex e-con e-child\" data-id=\"dc5e308\" data-element_type=\"container\">\n\t\t\t\t<div class=\"elementor-element elementor-element-37ecc28 elementor-widget elementor-widget-image\" data-id=\"37ecc28\" data-element_type=\"widget\" data-widget_type=\"image.default\">\n\t\t\t\t<div class=\"elementor-widget-container\">\n\t\t\t\t\t\t\t\t\t\t\t\t\t\t\t<img decoding=\"async\" width=\"800\" height=\"927\" src=\"https:\/\/guenther-pps.de\/wp-content\/uploads\/2023\/03\/WhatsApp-Image-2023-01-01-at-21.33.08-e1679522279977-884x1024.jpeg\" class=\"attachment-large size-large wp-image-1848 lazyload\" alt=\"\" srcset=\"data:image\/svg+xml,%3Csvg%20xmlns%3D%27http%3A%2F%2Fwww.w3.org%2F2000%2Fsvg%27%20width%3D%271122%27%20height%3D%271299%27%20viewBox%3D%270%200%201122%201299%27%3E%3Crect%20width%3D%271122%27%20height%3D%271299%27%20fill-opacity%3D%220%22%2F%3E%3C%2Fsvg%3E\" data-orig-src=\"https:\/\/guenther-pps.de\/wp-content\/uploads\/2023\/03\/WhatsApp-Image-2023-01-01-at-21.33.08-e1679522279977-884x1024.jpeg\" data-srcset=\"https:\/\/guenther-pps.de\/wp-content\/uploads\/2023\/03\/WhatsApp-Image-2023-01-01-at-21.33.08-e1679522279977-200x232.jpeg 200w, https:\/\/guenther-pps.de\/wp-content\/uploads\/2023\/03\/WhatsApp-Image-2023-01-01-at-21.33.08-e1679522279977-259x300.jpeg 259w, https:\/\/guenther-pps.de\/wp-content\/uploads\/2023\/03\/WhatsApp-Image-2023-01-01-at-21.33.08-e1679522279977-400x463.jpeg 400w, https:\/\/guenther-pps.de\/wp-content\/uploads\/2023\/03\/WhatsApp-Image-2023-01-01-at-21.33.08-e1679522279977-600x695.jpeg 600w, https:\/\/guenther-pps.de\/wp-content\/uploads\/2023\/03\/WhatsApp-Image-2023-01-01-at-21.33.08-e1679522279977-768x889.jpeg 768w, https:\/\/guenther-pps.de\/wp-content\/uploads\/2023\/03\/WhatsApp-Image-2023-01-01-at-21.33.08-e1679522279977-800x926.jpeg 800w, https:\/\/guenther-pps.de\/wp-content\/uploads\/2023\/03\/WhatsApp-Image-2023-01-01-at-21.33.08-e1679522279977-884x1024.jpeg 884w, https:\/\/guenther-pps.de\/wp-content\/uploads\/2023\/03\/WhatsApp-Image-2023-01-01-at-21.33.08-e1679522279977.jpeg 1122w\" data-sizes=\"auto\" \/>\t\t\t\t\t\t\t\t\t\t\t\t\t\t\t<\/div>\n\t\t\t\t<\/div>\n\t\t\t\t<\/div>\n\t\t<div class=\"elementor-element elementor-element-896b64c e-con-full e-flex e-con e-child\" data-id=\"896b64c\" data-element_type=\"container\">\n\t\t\t\t<div class=\"elementor-element elementor-element-5d792bc elementor-widget elementor-widget-image\" data-id=\"5d792bc\" data-element_type=\"widget\" data-widget_type=\"image.default\">\n\t\t\t\t<div class=\"elementor-widget-container\">\n\t\t\t\t\t\t\t\t\t\t\t\t\t\t\t<img loading=\"lazy\" decoding=\"async\" width=\"800\" height=\"924\" src=\"https:\/\/guenther-pps.de\/wp-content\/uploads\/2023\/03\/WhatsApp-Image-2023-01-01-at-21.33.23-887x1024.jpeg\" class=\"attachment-large size-large wp-image-1847 lazyload\" alt=\"\" srcset=\"data:image\/svg+xml,%3Csvg%20xmlns%3D%27http%3A%2F%2Fwww.w3.org%2F2000%2Fsvg%27%20width%3D%271276%27%20height%3D%271473%27%20viewBox%3D%270%200%201276%201473%27%3E%3Crect%20width%3D%271276%27%20height%3D%271473%27%20fill-opacity%3D%220%22%2F%3E%3C%2Fsvg%3E\" data-orig-src=\"https:\/\/guenther-pps.de\/wp-content\/uploads\/2023\/03\/WhatsApp-Image-2023-01-01-at-21.33.23-887x1024.jpeg\" data-srcset=\"https:\/\/guenther-pps.de\/wp-content\/uploads\/2023\/03\/WhatsApp-Image-2023-01-01-at-21.33.23-200x231.jpeg 200w, https:\/\/guenther-pps.de\/wp-content\/uploads\/2023\/03\/WhatsApp-Image-2023-01-01-at-21.33.23-260x300.jpeg 260w, https:\/\/guenther-pps.de\/wp-content\/uploads\/2023\/03\/WhatsApp-Image-2023-01-01-at-21.33.23-400x462.jpeg 400w, https:\/\/guenther-pps.de\/wp-content\/uploads\/2023\/03\/WhatsApp-Image-2023-01-01-at-21.33.23-600x693.jpeg 600w, https:\/\/guenther-pps.de\/wp-content\/uploads\/2023\/03\/WhatsApp-Image-2023-01-01-at-21.33.23-768x887.jpeg 768w, https:\/\/guenther-pps.de\/wp-content\/uploads\/2023\/03\/WhatsApp-Image-2023-01-01-at-21.33.23-800x924.jpeg 800w, https:\/\/guenther-pps.de\/wp-content\/uploads\/2023\/03\/WhatsApp-Image-2023-01-01-at-21.33.23-887x1024.jpeg 887w, https:\/\/guenther-pps.de\/wp-content\/uploads\/2023\/03\/WhatsApp-Image-2023-01-01-at-21.33.23-1200x1385.jpeg 1200w, https:\/\/guenther-pps.de\/wp-content\/uploads\/2023\/03\/WhatsApp-Image-2023-01-01-at-21.33.23.jpeg 1276w\" data-sizes=\"auto\" \/>\t\t\t\t\t\t\t\t\t\t\t\t\t\t\t<\/div>\n\t\t\t\t<\/div>\n\t\t\t\t<\/div>\n\t\t\t\t\t<\/div>\n\t\t\t\t<\/div>\n\t\t<div class=\"elementor-element elementor-element-22dc37c9 e-flex e-con-boxed e-con e-parent\" data-id=\"22dc37c9\" data-element_type=\"container\">\n\t\t\t\t\t<div class=\"e-con-inner\">\n\t\t\t\t<div class=\"elementor-element elementor-element-74e549b8 elementor-widget elementor-widget-spacer\" data-id=\"74e549b8\" data-element_type=\"widget\" data-widget_type=\"spacer.default\">\n\t\t\t\t<div class=\"elementor-widget-container\">\n\t\t\t\t\t\t\t<div class=\"elementor-spacer\">\n\t\t\t<div class=\"elementor-spacer-inner\"><\/div>\n\t\t<\/div>\n\t\t\t\t\t\t<\/div>\n\t\t\t\t<\/div>\n\t\t\t\t\t<\/div>\n\t\t\t\t<\/div>\n\t\t<div class=\"elementor-element elementor-element-2ba4d2d4 e-flex e-con-boxed e-con e-parent\" data-id=\"2ba4d2d4\" data-element_type=\"container\" data-settings=\"{&quot;background_background&quot;:&quot;classic&quot;}\">\n\t\t\t\t\t<div class=\"e-con-inner\">\n\t\t\t\t<div class=\"elementor-element elementor-element-32230be8 elementor-widget elementor-widget-spacer\" data-id=\"32230be8\" data-element_type=\"widget\" data-widget_type=\"spacer.default\">\n\t\t\t\t<div class=\"elementor-widget-container\">\n\t\t\t\t\t\t\t<div class=\"elementor-spacer\">\n\t\t\t<div class=\"elementor-spacer-inner\"><\/div>\n\t\t<\/div>\n\t\t\t\t\t\t<\/div>\n\t\t\t\t<\/div>\n\t\t\t\t\t<\/div>\n\t\t\t\t<\/div>\n\t\t<div class=\"elementor-element elementor-element-5be0730d e-flex e-con-boxed e-con e-parent\" data-id=\"5be0730d\" data-element_type=\"container\" data-settings=\"{&quot;background_background&quot;:&quot;classic&quot;}\">\n\t\t\t\t\t<div class=\"e-con-inner\">\n\t\t<div class=\"elementor-element elementor-element-44cc57e6 e-con-full e-flex e-con e-child\" data-id=\"44cc57e6\" data-element_type=\"container\" data-settings=\"{&quot;background_background&quot;:&quot;classic&quot;}\">\n\t\t\t\t<div class=\"elementor-element elementor-element-1ee5f590 elementor-cta--skin-cover elementor-animated-content elementor-bg-transform elementor-bg-transform-zoom-in elementor-widget elementor-widget-call-to-action\" data-id=\"1ee5f590\" data-element_type=\"widget\" data-widget_type=\"call-to-action.default\">\n\t\t\t\t<div class=\"elementor-widget-container\">\n\t\t\t\t\t\t\t<a class=\"elementor-cta\" href=\"https:\/\/guenther-pps.de\/index.php\/anfrage-alltagshelden\/\">\n\t\t\t\t\t<div class=\"elementor-cta__bg-wrapper\">\n\t\t\t\t<div class=\"elementor-cta__bg elementor-bg\" style=\"background-image: url();\" role=\"img\" aria-label=\"\"><\/div>\n\t\t\t\t<div class=\"elementor-cta__bg-overlay\"><\/div>\n\t\t\t<\/div>\n\t\t\t\t\t\t\t<div class=\"elementor-cta__content\">\n\t\t\t\t\n\t\t\t\t\t\t\t\t\t<h2 class=\"elementor-cta__title elementor-cta__content-item elementor-content-item elementor-animated-item--grow\">\n\t\t\t\t\t\tAlltagsheld anfragen\t\t\t\t\t<\/h2>\n\t\t\t\t\n\t\t\t\t\n\t\t\t\t\t\t\t<\/div>\n\t\t\t\t\t\t<\/a>\n\t\t\t\t\t\t<\/div>\n\t\t\t\t<\/div>\n\t\t\t\t<\/div>\n\t\t<div class=\"elementor-element elementor-element-b8b9248 e-con-full e-flex e-con e-child\" data-id=\"b8b9248\" data-element_type=\"container\" data-settings=\"{&quot;background_background&quot;:&quot;classic&quot;}\">\n\t\t\t\t<div class=\"elementor-element elementor-element-0d574ff elementor-cta--skin-cover elementor-animated-content elementor-bg-transform elementor-bg-transform-zoom-in elementor-widget elementor-widget-call-to-action\" data-id=\"0d574ff\" data-element_type=\"widget\" data-widget_type=\"call-to-action.default\">\n\t\t\t\t<div class=\"elementor-widget-container\">\n\t\t\t\t\t\t\t<a class=\"elementor-cta\" href=\"https:\/\/guenther-pps.de\/index.php\/alltagsheld-werden\/\">\n\t\t\t\t\t<div class=\"elementor-cta__bg-wrapper\">\n\t\t\t\t<div class=\"elementor-cta__bg elementor-bg\" style=\"background-image: url();\" role=\"img\" aria-label=\"\"><\/div>\n\t\t\t\t<div class=\"elementor-cta__bg-overlay\"><\/div>\n\t\t\t<\/div>\n\t\t\t\t\t\t\t<div class=\"elementor-cta__content\">\n\t\t\t\t\n\t\t\t\t\t\t\t\t\t<h2 class=\"elementor-cta__title elementor-cta__content-item elementor-content-item elementor-animated-item--grow\">\n\t\t\t\t\t\tAlltagsheld werden\t\t\t\t\t<\/h2>\n\t\t\t\t\n\t\t\t\t\n\t\t\t\t\t\t\t<\/div>\n\t\t\t\t\t\t<\/a>\n\t\t\t\t\t\t<\/div>\n\t\t\t\t<\/div>\n\t\t\t\t<\/div>\n\t\t\t\t\t<\/div>\n\t\t\t\t<\/div>\n\t\t<div class=\"elementor-element elementor-element-7288820a e-flex e-con-boxed e-con e-parent\" data-id=\"7288820a\" data-element_type=\"container\" data-settings=\"{&quot;background_background&quot;:&quot;classic&quot;}\">\n\t\t\t\t\t<div class=\"e-con-inner\">\n\t\t\t\t<div class=\"elementor-element elementor-element-770b994a elementor-widget elementor-widget-spacer\" data-id=\"770b994a\" data-element_type=\"widget\" data-widget_type=\"spacer.default\">\n\t\t\t\t<div class=\"elementor-widget-container\">\n\t\t\t\t\t\t\t<div class=\"elementor-spacer\">\n\t\t\t<div class=\"elementor-spacer-inner\"><\/div>\n\t\t<\/div>\n\t\t\t\t\t\t<\/div>\n\t\t\t\t<\/div>\n\t\t\t\t\t<\/div>\n\t\t\t\t<\/div>\n\t\t<div class=\"elementor-element elementor-element-4e80a54c e-flex e-con-boxed e-con e-parent\" data-id=\"4e80a54c\" data-element_type=\"container\">\n\t\t\t\t\t<div class=\"e-con-inner\">\n\t\t<div class=\"elementor-element elementor-element-1397eff5 e-con-full e-flex e-con e-child\" data-id=\"1397eff5\" data-element_type=\"container\">\n\t\t\t\t<div class=\"elementor-element elementor-element-3c29e1d6 elementor-widget elementor-widget-spacer\" data-id=\"3c29e1d6\" data-element_type=\"widget\" data-widget_type=\"spacer.default\">\n\t\t\t\t<div class=\"elementor-widget-container\">\n\t\t\t\t\t\t\t<div class=\"elementor-spacer\">\n\t\t\t<div class=\"elementor-spacer-inner\"><\/div>\n\t\t<\/div>\n\t\t\t\t\t\t<\/div>\n\t\t\t\t<\/div>\n\t\t\t\t<div class=\"elementor-element elementor-element-389e48f1 elementor-widget elementor-widget-heading\" data-id=\"389e48f1\" data-element_type=\"widget\" data-widget_type=\"heading.default\">\n\t\t\t\t<div class=\"elementor-widget-container\">\n\t\t\t\t\t<h2 class=\"elementor-heading-title elementor-size-default\">Kontakt<\/h2>\t\t\t\t<\/div>\n\t\t\t\t<\/div>\n\t\t\t\t<div class=\"elementor-element elementor-element-6e8f6709 elementor-widget-divider--view-line elementor-widget elementor-widget-divider\" data-id=\"6e8f6709\" data-element_type=\"widget\" data-widget_type=\"divider.default\">\n\t\t\t\t<div class=\"elementor-widget-container\">\n\t\t\t\t\t\t\t<div class=\"elementor-divider\">\n\t\t\t<span class=\"elementor-divider-separator\">\n\t\t\t\t\t\t<\/span>\n\t\t<\/div>\n\t\t\t\t\t\t<\/div>\n\t\t\t\t<\/div>\n\t\t\t\t<div class=\"elementor-element elementor-element-3105c1b3 elementor-widget elementor-widget-text-editor\" data-id=\"3105c1b3\" data-element_type=\"widget\" data-widget_type=\"text-editor.default\">\n\t\t\t\t<div class=\"elementor-widget-container\">\n\t\t\t\t\t\t\t\t\t<p>Pflegebed\u00fcrftigkeit betrifft nicht nur \u00e4ltere Menschen \u2013 auch Kinder, Jugendliche und junge Erwachsene k\u00f6nnen auf Unterst\u00fctzung angewiesen sein. Krankheiten, Unf\u00e4lle oder angeborene Behinderungen k\u00f6nnen in jeder Lebensphase dazu f\u00fchren, dass eine Person Hilfe im Alltag ben\u00f6tigt.<\/p><p>Oftmals werden die zu pflegenden Menschen von ihren Angeh\u00f6rigen gepflegt.<\/p><p>Die pflegenden Angeh\u00f6rigen leisten f\u00fcr die Gesellschaft einen unsch\u00e4tzbaren Dienst. Ohne pflegende Angeh\u00f6rige w\u00fcrde das sowieso schon \u00fcberlastete Pflegesystem vor noch gr\u00f6\u00dferen Herausforderungen stehen.<\/p><p>Die Pflege von Angeh\u00f6rigen muss allen, die sie aus\u00fcben noch den Platz lassen auch ihren eigenen W\u00fcnschen und Bed\u00fcrfnissen nachzugehen. Pflege darf nicht krank machen, dies gilt insbesonders f\u00fcr pflegende Angeh\u00f6rige. Hier k\u00f6nnen die G\u00fcnther Alltagshelden unterst\u00fctzen.<\/p>\t\t\t\t\t\t\t\t<\/div>\n\t\t\t\t<\/div>\n\t\t\t\t<\/div>\n\t\t<div class=\"elementor-element elementor-element-64da7c0 e-con-full e-flex e-con e-child\" data-id=\"64da7c0\" data-element_type=\"container\">\n\t\t\t\t<div class=\"elementor-element elementor-element-7062a07 e-grid-align-mobile-left elementor-shape-rounded elementor-grid-0 e-grid-align-center elementor-widget elementor-widget-social-icons\" data-id=\"7062a07\" data-element_type=\"widget\" data-widget_type=\"social-icons.default\">\n\t\t\t\t<div class=\"elementor-widget-container\">\n\t\t\t\t\t\t\t<div class=\"elementor-social-icons-wrapper elementor-grid\">\n\t\t\t\t\t\t\t<span class=\"elementor-grid-item\">\n\t\t\t\t\t<a class=\"elementor-icon elementor-social-icon elementor-social-icon-phone-alt elementor-animation-grow elementor-repeater-item-264ed11\" href=\"tel:044428328920\" target=\"_blank\">\n\t\t\t\t\t\t<span class=\"elementor-screen-only\">Phone-alt<\/span>\n\t\t\t\t\t\t<svg class=\"e-font-icon-svg e-fas-phone-alt\" viewBox=\"0 0 512 512\" xmlns=\"http:\/\/www.w3.org\/2000\/svg\"><path d=\"M497.39 361.8l-112-48a24 24 0 0 0-28 6.9l-49.6 60.6A370.66 370.66 0 0 1 130.6 204.11l60.6-49.6a23.94 23.94 0 0 0 6.9-28l-48-112A24.16 24.16 0 0 0 122.6.61l-104 24A24 24 0 0 0 0 48c0 256.5 207.9 464 464 464a24 24 0 0 0 23.4-18.6l24-104a24.29 24.29 0 0 0-14.01-27.6z\"><\/path><\/svg>\t\t\t\t\t<\/a>\n\t\t\t\t<\/span>\n\t\t\t\t\t<\/div>\n\t\t\t\t\t\t<\/div>\n\t\t\t\t<\/div>\n\t\t\t\t<div class=\"elementor-element elementor-element-e203d02 elementor-widget elementor-widget-text-editor\" data-id=\"e203d02\" data-element_type=\"widget\" data-widget_type=\"text-editor.default\">\n\t\t\t\t<div class=\"elementor-widget-container\">\n\t\t\t\t\t\t\t\t\t<p>04442 83 28 920<\/p>\t\t\t\t\t\t\t\t<\/div>\n\t\t\t\t<\/div>\n\t\t\t\t<div class=\"elementor-element elementor-element-a2102af elementor-widget elementor-widget-button\" data-id=\"a2102af\" data-element_type=\"widget\" data-widget_type=\"button.default\">\n\t\t\t\t<div class=\"elementor-widget-container\">\n\t\t\t\t\t\t\t\t\t<div class=\"elementor-button-wrapper\">\n\t\t\t\t\t<a class=\"elementor-button elementor-button-link elementor-size-sm elementor-animation-grow\" href=\"https:\/\/guenther-pps.de\/index.php\/kontakt-alltagshelden\/\">\n\t\t\t\t\t\t<span class=\"elementor-button-content-wrapper\">\n\t\t\t\t\t\t\t\t\t<span class=\"elementor-button-text\">Zum Kontaktformular<\/span>\n\t\t\t\t\t<\/span>\n\t\t\t\t\t<\/a>\n\t\t\t\t<\/div>\n\t\t\t\t\t\t\t\t<\/div>\n\t\t\t\t<\/div>\n\t\t\t\t<\/div>\n\t\t\t\t\t<\/div>\n\t\t\t\t<\/div>\n\t\t<div class=\"elementor-element elementor-element-829613c e-flex e-con-boxed e-con e-parent\" data-id=\"829613c\" data-element_type=\"container\">\n\t\t\t\t\t<div class=\"e-con-inner\">\n\t\t\t\t<div class=\"elementor-element elementor-element-e7a96ee elementor-widget elementor-widget-spacer\" data-id=\"e7a96ee\" data-element_type=\"widget\" data-widget_type=\"spacer.default\">\n\t\t\t\t<div class=\"elementor-widget-container\">\n\t\t\t\t\t\t\t<div class=\"elementor-spacer\">\n\t\t\t<div class=\"elementor-spacer-inner\"><\/div>\n\t\t<\/div>\n\t\t\t\t\t\t<\/div>\n\t\t\t\t<\/div>\n\t\t\t\t\t<\/div>\n\t\t\t\t<\/div>\n\t\t<div class=\"elementor-element elementor-element-398cc1ee e-flex e-con-boxed e-con e-parent\" data-id=\"398cc1ee\" data-element_type=\"container\">\n\t\t\t\t\t<div class=\"e-con-inner\">\n\t\t\t\t<div class=\"elementor-element elementor-element-28c56a68 elementor-widget elementor-widget-image\" data-id=\"28c56a68\" data-element_type=\"widget\" data-widget_type=\"image.default\">\n\t\t\t\t<div class=\"elementor-widget-container\">\n\t\t\t\t\t\t\t\t\t\t\t\t\t\t\t\t<a href=\"https:\/\/guenther-pps.de\/index.php\/mal-und-arbeitsb\u2026nen-leben-retten\/\">\n\t\t\t\t\t\t\t<img loading=\"lazy\" decoding=\"async\" width=\"300\" height=\"300\" src=\"https:\/\/guenther-pps.de\/wp-content\/uploads\/2023\/03\/Brandschutzbuch_150dpi-1-300x300.jpg\" class=\"attachment-medium size-medium wp-image-1857 lazyload\" alt=\"\" srcset=\"data:image\/svg+xml,%3Csvg%20xmlns%3D%27http%3A%2F%2Fwww.w3.org%2F2000%2Fsvg%27%20width%3D%271250%27%20height%3D%271250%27%20viewBox%3D%270%200%201250%201250%27%3E%3Crect%20width%3D%271250%27%20height%3D%271250%27%20fill-opacity%3D%220%22%2F%3E%3C%2Fsvg%3E\" data-orig-src=\"https:\/\/guenther-pps.de\/wp-content\/uploads\/2023\/03\/Brandschutzbuch_150dpi-1-300x300.jpg\" data-srcset=\"https:\/\/guenther-pps.de\/wp-content\/uploads\/2023\/03\/Brandschutzbuch_150dpi-1-66x66.jpg 66w, https:\/\/guenther-pps.de\/wp-content\/uploads\/2023\/03\/Brandschutzbuch_150dpi-1-150x150.jpg 150w, https:\/\/guenther-pps.de\/wp-content\/uploads\/2023\/03\/Brandschutzbuch_150dpi-1-200x200.jpg 200w, https:\/\/guenther-pps.de\/wp-content\/uploads\/2023\/03\/Brandschutzbuch_150dpi-1-300x300.jpg 300w, https:\/\/guenther-pps.de\/wp-content\/uploads\/2023\/03\/Brandschutzbuch_150dpi-1-400x400.jpg 400w, https:\/\/guenther-pps.de\/wp-content\/uploads\/2023\/03\/Brandschutzbuch_150dpi-1-600x600.jpg 600w, https:\/\/guenther-pps.de\/wp-content\/uploads\/2023\/03\/Brandschutzbuch_150dpi-1-768x768.jpg 768w, https:\/\/guenther-pps.de\/wp-content\/uploads\/2023\/03\/Brandschutzbuch_150dpi-1-800x800.jpg 800w, https:\/\/guenther-pps.de\/wp-content\/uploads\/2023\/03\/Brandschutzbuch_150dpi-1-1024x1024.jpg 1024w, https:\/\/guenther-pps.de\/wp-content\/uploads\/2023\/03\/Brandschutzbuch_150dpi-1-1200x1200.jpg 1200w, https:\/\/guenther-pps.de\/wp-content\/uploads\/2023\/03\/Brandschutzbuch_150dpi-1.jpg 1250w\" data-sizes=\"auto\" \/>\t\t\t\t\t\t\t\t<\/a>\n\t\t\t\t\t\t\t\t\t\t\t\t\t\t\t<\/div>\n\t\t\t\t<\/div>\n\t\t\t\t\t<\/div>\n\t\t\t\t<\/div>\n\t\t\t\t<\/div>\n\t\t","protected":false},"excerpt":{"rendered":"<p>Sch\u00f6ne Erlebnisse schaffen Die Alltagshelden sind f\u00fcr Menschen mit Pflegegrad, pflegende Angeh\u00f6rige und alle, die in diesem Bereich t\u00e4tig werden m\u00f6chten, da. Wir entlasten im Alltag mit Angeboten zur Unterst\u00fctzung gem\u00e4\u00df \u00a7 45b SGB XI. Daf\u00fcr stehen monatlich 131,00 \u20ac ab Pflegegrad 1 zur Verf\u00fcgung \u2013 der sogenannte Entlastungsbeitrag, der in unserem Flyer anschaulich erkl\u00e4rt [&hellip;]<\/p>\n","protected":false},"author":2,"featured_media":0,"parent":0,"menu_order":0,"comment_status":"closed","ping_status":"closed","template":"elementor_header_footer","meta":{"footnotes":""},"class_list":["post-2689","page","type-page","status-publish","hentry"],"_links":{"self":[{"href":"https:\/\/guenther-pps.de\/index.php\/wp-json\/wp\/v2\/pages\/2689","targetHints":{"allow":["GET"]}}],"collection":[{"href":"https:\/\/guenther-pps.de\/index.php\/wp-json\/wp\/v2\/pages"}],"about":[{"href":"https:\/\/guenther-pps.de\/index.php\/wp-json\/wp\/v2\/types\/page"}],"author":[{"embeddable":true,"href":"https:\/\/guenther-pps.de\/index.php\/wp-json\/wp\/v2\/users\/2"}],"replies":[{"embeddable":true,"href":"https:\/\/guenther-pps.de\/index.php\/wp-json\/wp\/v2\/comments?post=2689"}],"version-history":[{"count":52,"href":"https:\/\/guenther-pps.de\/index.php\/wp-json\/wp\/v2\/pages\/2689\/revisions"}],"predecessor-version":[{"id":3093,"href":"https:\/\/guenther-pps.de\/index.php\/wp-json\/wp\/v2\/pages\/2689\/revisions\/3093"}],"wp:attachment":[{"href":"https:\/\/guenther-pps.de\/index.php\/wp-json\/wp\/v2\/media?parent=2689"}],"curies":[{"name":"wp","href":"https:\/\/api.w.org\/{rel}","templated":true}]}}