{"id":2840,"date":"2025-01-23T18:27:16","date_gmt":"2025-01-23T18:27:16","guid":{"rendered":"https:\/\/guenther-pps.de\/?page_id=2840"},"modified":"2025-01-23T19:15:55","modified_gmt":"2025-01-23T19:15:55","slug":"kontakt-alltagshelden","status":"publish","type":"page","link":"https:\/\/guenther-pps.de\/index.php\/kontakt-alltagshelden\/","title":{"rendered":"Kontakt Alltagshelden"},"content":{"rendered":"\t\t<div data-elementor-type=\"wp-page\" data-elementor-id=\"2840\" class=\"elementor elementor-2840\" data-elementor-post-type=\"page\">\n\t\t\t\t<div class=\"elementor-element elementor-element-2fc56d8d e-flex e-con-boxed e-con e-parent\" data-id=\"2fc56d8d\" data-element_type=\"container\">\n\t\t\t\t\t<div class=\"e-con-inner\">\n\t\t\t\t<div class=\"elementor-element elementor-element-1dde7f9f elementor-widget elementor-widget-spacer\" data-id=\"1dde7f9f\" data-element_type=\"widget\" data-widget_type=\"spacer.default\">\n\t\t\t\t<div class=\"elementor-widget-container\">\n\t\t\t\t\t\t\t<div class=\"elementor-spacer\">\n\t\t\t<div class=\"elementor-spacer-inner\"><\/div>\n\t\t<\/div>\n\t\t\t\t\t\t<\/div>\n\t\t\t\t<\/div>\n\t\t\t\t\t<\/div>\n\t\t\t\t<\/div>\n\t\t<div class=\"elementor-element elementor-element-5a56f9e7 e-flex e-con-boxed e-con e-parent\" data-id=\"5a56f9e7\" data-element_type=\"container\">\n\t\t\t\t\t<div class=\"e-con-inner\">\n\t\t<div class=\"elementor-element elementor-element-546e5464 e-con-full e-flex e-con e-child\" data-id=\"546e5464\" data-element_type=\"container\">\n\t\t\t\t<div class=\"elementor-element elementor-element-5b1b7c0a elementor-widget elementor-widget-text-editor\" data-id=\"5b1b7c0a\" data-element_type=\"widget\" data-widget_type=\"text-editor.default\">\n\t\t\t\t<div class=\"elementor-widget-container\">\n\t\t\t\t\t\t\t\t\t<p>Hast Du noch Fragen? Z\u00f6gere nicht und nimm Kontakt mit uns auf. Ganz unverbindlich. Bei uns liegt der Fokus klar auf dem Mitarbeiter. <br \/>Von der alleinerziehenden Mutter bis hin zum in einer Wochenendbeziehung stehenden Vater. <br \/>Auch Quer- und Wiedereinsteiger sind willkommen. Wir finden f\u00fcr jeden die eine individuelle M\u00f6glichkeit. Vollzeit, Teilzeit oder geringf\u00fcgige Besch\u00e4ftigung. Alles ist m\u00f6glich.<\/p><p>Du willst keine Wochenenden und Feiertage arbeiten oder willst Du nur an den Wochenenden arbeiten? Kein Problem. Wir halten, was andere versprechen.<\/p>\t\t\t\t\t\t\t\t<\/div>\n\t\t\t\t<\/div>\n\t\t\t\t<\/div>\n\t\t<div class=\"elementor-element elementor-element-5f17cf6 e-con-full e-flex e-con e-child\" data-id=\"5f17cf6\" data-element_type=\"container\">\n\t\t\t\t<div class=\"elementor-element elementor-element-29653997 elementor-widget elementor-widget-text-editor\" data-id=\"29653997\" data-element_type=\"widget\" data-widget_type=\"text-editor.default\">\n\t\t\t\t<div class=\"elementor-widget-container\">\n\t\t\t\t\t\t\t\t\t<div class=\"fusion-li-item-content\"><h3>Kontakt<\/h3><\/div>\t\t\t\t\t\t\t\t<\/div>\n\t\t\t\t<\/div>\n\t\t\t\t<div class=\"elementor-element elementor-element-3db750a elementor-widget elementor-widget-text-editor\" data-id=\"3db750a\" data-element_type=\"widget\" data-widget_type=\"text-editor.default\">\n\t\t\t\t<div class=\"elementor-widget-container\">\n\t\t\t\t\t\t\t\t\t<div class=\"fusion-li-item-content\"><div data-block-id=\"block-ab7fc8d5-210a-48cb-b5dd-51c7f34e9b69\">Telefon: 04442 83 28 920<br \/>Mobil: 0157 57 38 16 75<br \/>Mail: <a style=\"font-family: var( --e-global-typography-text-font-family ), Sans-serif; font-weight: var( --e-global-typography-text-font-weight ); text-align: var(--text-align); font-size: 1rem; text-decoration-line: underline; background-color: #ffffff;\" href=\"mailto:info@guenther-pps.de\">info@guenther-pps.de<\/a><\/div><\/div><div data-block-id=\"block-ab7fc8d5-210a-48cb-b5dd-51c7f34e9b69\">\u00a0<\/div><div data-block-id=\"block-ab7fc8d5-210a-48cb-b5dd-51c7f34e9b69\"><p><strong>Alltagshelden:<br \/><\/strong>Lothringer Str. 6<br \/>49393 Lohne<\/p><\/div>\t\t\t\t\t\t\t\t<\/div>\n\t\t\t\t<\/div>\n\t\t\t\t<\/div>\n\t\t<div class=\"elementor-element elementor-element-b2e92fc e-con-full e-flex e-con e-child\" data-id=\"b2e92fc\" data-element_type=\"container\">\n\t\t\t\t<div class=\"elementor-element elementor-element-d433e04 elementor-widget elementor-widget-button\" data-id=\"d433e04\" data-element_type=\"widget\" data-widget_type=\"button.default\">\n\t\t\t\t<div class=\"elementor-widget-container\">\n\t\t\t\t\t\t\t\t\t<div class=\"elementor-button-wrapper\">\n\t\t\t\t\t<a class=\"elementor-button elementor-button-link elementor-size-sm\" href=\"https:\/\/api.whatsapp.com\/send?phone=+4915757381675\">\n\t\t\t\t\t\t<span class=\"elementor-button-content-wrapper\">\n\t\t\t\t\t\t\t\t\t<span class=\"elementor-button-text\">Kontaktiere uns per WhatsApp<\/span>\n\t\t\t\t\t<\/span>\n\t\t\t\t\t<\/a>\n\t\t\t\t<\/div>\n\t\t\t\t\t\t\t\t<\/div>\n\t\t\t\t<\/div>\n\t\t\t\t<\/div>\n\t\t\t\t\t<\/div>\n\t\t\t\t<\/div>\n\t\t<div class=\"elementor-element elementor-element-fc31785 e-flex e-con-boxed e-con e-parent\" data-id=\"fc31785\" data-element_type=\"container\">\n\t\t\t\t\t<div class=\"e-con-inner\">\n\t\t<div class=\"elementor-element elementor-element-67be978 e-con-full e-flex e-con e-child\" data-id=\"67be978\" data-element_type=\"container\">\n\t\t\t\t<div class=\"elementor-element elementor-element-16a2ff5 elementor-widget elementor-widget-button\" data-id=\"16a2ff5\" data-element_type=\"widget\" data-widget_type=\"button.default\">\n\t\t\t\t<div class=\"elementor-widget-container\">\n\t\t\t\t\t\t\t\t\t<div class=\"elementor-button-wrapper\">\n\t\t\t\t\t<a class=\"elementor-button elementor-button-link elementor-size-sm\" href=\"https:\/\/guenther-pps.de\/index.php\/alltagsheld-werden\/\">\n\t\t\t\t\t\t<span class=\"elementor-button-content-wrapper\">\n\t\t\t\t\t\t\t\t\t<span class=\"elementor-button-text\">Alltagsheld werden<\/span>\n\t\t\t\t\t<\/span>\n\t\t\t\t\t<\/a>\n\t\t\t\t<\/div>\n\t\t\t\t\t\t\t\t<\/div>\n\t\t\t\t<\/div>\n\t\t\t\t<\/div>\n\t\t<div class=\"elementor-element elementor-element-6e0313e e-con-full e-flex e-con e-child\" data-id=\"6e0313e\" data-element_type=\"container\">\n\t\t\t\t<div class=\"elementor-element elementor-element-602e263 elementor-widget elementor-widget-button\" data-id=\"602e263\" data-element_type=\"widget\" data-widget_type=\"button.default\">\n\t\t\t\t<div class=\"elementor-widget-container\">\n\t\t\t\t\t\t\t\t\t<div class=\"elementor-button-wrapper\">\n\t\t\t\t\t<a class=\"elementor-button elementor-button-link elementor-size-sm\" href=\"https:\/\/guenther-pps.de\/index.php\/anfrage-alltagshelden\/\">\n\t\t\t\t\t\t<span class=\"elementor-button-content-wrapper\">\n\t\t\t\t\t\t\t\t\t<span class=\"elementor-button-text\">Alltagsheld anfragen<\/span>\n\t\t\t\t\t<\/span>\n\t\t\t\t\t<\/a>\n\t\t\t\t<\/div>\n\t\t\t\t\t\t\t\t<\/div>\n\t\t\t\t<\/div>\n\t\t\t\t<\/div>\n\t\t\t\t\t<\/div>\n\t\t\t\t<\/div>\n\t\t<div class=\"elementor-element elementor-element-676a3d2f e-flex e-con-boxed e-con e-parent\" data-id=\"676a3d2f\" data-element_type=\"container\">\n\t\t\t\t\t<div class=\"e-con-inner\">\n\t\t\t\t<div class=\"elementor-element elementor-element-478518db elementor-widget elementor-widget-spacer\" data-id=\"478518db\" data-element_type=\"widget\" data-widget_type=\"spacer.default\">\n\t\t\t\t<div class=\"elementor-widget-container\">\n\t\t\t\t\t\t\t<div class=\"elementor-spacer\">\n\t\t\t<div class=\"elementor-spacer-inner\"><\/div>\n\t\t<\/div>\n\t\t\t\t\t\t<\/div>\n\t\t\t\t<\/div>\n\t\t\t\t\t<\/div>\n\t\t\t\t<\/div>\n\t\t<div class=\"elementor-element elementor-element-ec23c1b e-flex e-con-boxed e-con e-parent\" data-id=\"ec23c1b\" data-element_type=\"container\">\n\t\t\t\t\t<div class=\"e-con-inner\">\n\t\t\t\t<div class=\"elementor-element elementor-element-6177bdc elementor-button-align-start elementor-widget elementor-widget-form\" data-id=\"6177bdc\" data-element_type=\"widget\" data-settings=\"{&quot;step_next_label&quot;:&quot;N\\u00e4chster&quot;,&quot;step_previous_label&quot;:&quot;Voriger&quot;,&quot;button_width&quot;:&quot;100&quot;,&quot;step_type&quot;:&quot;number_text&quot;,&quot;step_icon_shape&quot;:&quot;circle&quot;}\" data-widget_type=\"form.default\">\n\t\t\t\t<div class=\"elementor-widget-container\">\n\t\t\t\t\t\t\t<form class=\"elementor-form\" method=\"post\" name=\"Kontakt Alltagshelden\">\n\t\t\t<input type=\"hidden\" name=\"post_id\" value=\"2840\"\/>\n\t\t\t<input type=\"hidden\" name=\"form_id\" value=\"6177bdc\"\/>\n\t\t\t<input type=\"hidden\" name=\"referer_title\" value=\"\" \/>\n\n\t\t\t\n\t\t\t<div class=\"elementor-form-fields-wrapper elementor-labels-\">\n\t\t\t\t\t\t\t\t<div class=\"elementor-field-type-text elementor-field-group elementor-column elementor-field-group-name elementor-col-100\">\n\t\t\t\t\t\t\t\t\t\t\t\t<label for=\"form-field-name\" class=\"elementor-field-label elementor-screen-only\">\n\t\t\t\t\t\t\t\tName\t\t\t\t\t\t\t<\/label>\n\t\t\t\t\t\t\t\t\t\t\t\t\t\t<input size=\"1\" type=\"text\" name=\"form_fields[name]\" id=\"form-field-name\" class=\"elementor-field elementor-size-sm  elementor-field-textual\" placeholder=\"Name\">\n\t\t\t\t\t\t\t\t\t\t\t<\/div>\n\t\t\t\t\t\t\t\t<div class=\"elementor-field-type-email elementor-field-group elementor-column elementor-field-group-email elementor-col-100 elementor-field-required\">\n\t\t\t\t\t\t\t\t\t\t\t\t<label for=\"form-field-email\" class=\"elementor-field-label elementor-screen-only\">\n\t\t\t\t\t\t\t\tE-Mail\t\t\t\t\t\t\t<\/label>\n\t\t\t\t\t\t\t\t\t\t\t\t\t\t<input size=\"1\" type=\"email\" name=\"form_fields[email]\" id=\"form-field-email\" class=\"elementor-field elementor-size-sm  elementor-field-textual\" placeholder=\"E-Mail\" required=\"required\">\n\t\t\t\t\t\t\t\t\t\t\t<\/div>\n\t\t\t\t\t\t\t\t<div class=\"elementor-field-type-textarea elementor-field-group elementor-column elementor-field-group-message elementor-col-100\">\n\t\t\t\t\t\t\t\t\t\t\t\t<label for=\"form-field-message\" class=\"elementor-field-label elementor-screen-only\">\n\t\t\t\t\t\t\t\tNachricht\t\t\t\t\t\t\t<\/label>\n\t\t\t\t\t\t<textarea class=\"elementor-field-textual elementor-field  elementor-size-sm\" name=\"form_fields[message]\" id=\"form-field-message\" rows=\"4\" placeholder=\"Nachricht\"><\/textarea>\t\t\t\t<\/div>\n\t\t\t\t\t\t\t\t<div class=\"elementor-field-group elementor-column elementor-field-type-submit elementor-col-100 e-form__buttons\">\n\t\t\t\t\t<button class=\"elementor-button elementor-size-sm\" type=\"submit\">\n\t\t\t\t\t\t<span class=\"elementor-button-content-wrapper\">\n\t\t\t\t\t\t\t\t\t\t\t\t\t\t\t\t\t\t\t\t\t\t<span class=\"elementor-button-text\">Senden<\/span>\n\t\t\t\t\t\t\t\t\t\t\t\t\t<\/span>\n\t\t\t\t\t<\/button>\n\t\t\t\t<\/div>\n\t\t\t<\/div>\n\t\t<\/form>\n\t\t\t\t\t\t<\/div>\n\t\t\t\t<\/div>\n\t\t\t\t\t<\/div>\n\t\t\t\t<\/div>\n\t\t\t\t<\/div>\n\t\t","protected":false},"excerpt":{"rendered":"<p>Hast Du noch Fragen? Z\u00f6gere nicht und nimm Kontakt mit uns auf. Ganz unverbindlich. Bei uns liegt der Fokus klar auf dem Mitarbeiter. Von der alleinerziehenden Mutter bis hin zum in einer Wochenendbeziehung stehenden Vater. Auch Quer- und Wiedereinsteiger sind willkommen. Wir finden f\u00fcr jeden die eine individuelle M\u00f6glichkeit. Vollzeit, Teilzeit oder geringf\u00fcgige Besch\u00e4ftigung. Alles [&hellip;]<\/p>\n","protected":false},"author":2,"featured_media":0,"parent":0,"menu_order":0,"comment_status":"closed","ping_status":"closed","template":"elementor_header_footer","meta":{"footnotes":""},"class_list":["post-2840","page","type-page","status-publish","hentry"],"_links":{"self":[{"href":"https:\/\/guenther-pps.de\/index.php\/wp-json\/wp\/v2\/pages\/2840","targetHints":{"allow":["GET"]}}],"collection":[{"href":"https:\/\/guenther-pps.de\/index.php\/wp-json\/wp\/v2\/pages"}],"about":[{"href":"https:\/\/guenther-pps.de\/index.php\/wp-json\/wp\/v2\/types\/page"}],"author":[{"embeddable":true,"href":"https:\/\/guenther-pps.de\/index.php\/wp-json\/wp\/v2\/users\/2"}],"replies":[{"embeddable":true,"href":"https:\/\/guenther-pps.de\/index.php\/wp-json\/wp\/v2\/comments?post=2840"}],"version-history":[{"count":19,"href":"https:\/\/guenther-pps.de\/index.php\/wp-json\/wp\/v2\/pages\/2840\/revisions"}],"predecessor-version":[{"id":2867,"href":"https:\/\/guenther-pps.de\/index.php\/wp-json\/wp\/v2\/pages\/2840\/revisions\/2867"}],"wp:attachment":[{"href":"https:\/\/guenther-pps.de\/index.php\/wp-json\/wp\/v2\/media?parent=2840"}],"curies":[{"name":"wp","href":"https:\/\/api.w.org\/{rel}","templated":true}]}}