{"id":3009,"date":"2025-01-25T11:29:52","date_gmt":"2025-01-25T11:29:52","guid":{"rendered":"https:\/\/guenther-pps.de\/?page_id=3009"},"modified":"2025-01-25T12:50:29","modified_gmt":"2025-01-25T12:50:29","slug":"einrichtung","status":"publish","type":"page","link":"https:\/\/guenther-pps.de\/index.php\/einrichtung\/","title":{"rendered":"Einrichtung"},"content":{"rendered":"\t\t<div data-elementor-type=\"wp-page\" data-elementor-id=\"3009\" class=\"elementor elementor-3009\" data-elementor-post-type=\"page\">\n\t\t\t\t<div class=\"elementor-element elementor-element-1bd1d89d e-flex e-con-boxed e-con e-parent\" data-id=\"1bd1d89d\" data-element_type=\"container\">\n\t\t\t\t\t<div class=\"e-con-inner\">\n\t\t\t\t<div class=\"elementor-element elementor-element-29aff423 elementor-widget elementor-widget-spacer\" data-id=\"29aff423\" data-element_type=\"widget\" data-widget_type=\"spacer.default\">\n\t\t\t\t<div class=\"elementor-widget-container\">\n\t\t\t\t\t\t\t<div class=\"elementor-spacer\">\n\t\t\t<div class=\"elementor-spacer-inner\"><\/div>\n\t\t<\/div>\n\t\t\t\t\t\t<\/div>\n\t\t\t\t<\/div>\n\t\t<div class=\"elementor-element elementor-element-7cfebf51 e-con-full e-flex e-con e-child\" data-id=\"7cfebf51\" data-element_type=\"container\">\n\t\t\t\t<div class=\"elementor-element elementor-element-cd9e9cf elementor-hidden-mobile elementor-widget elementor-widget-heading\" data-id=\"cd9e9cf\" data-element_type=\"widget\" data-widget_type=\"heading.default\">\n\t\t\t\t<div class=\"elementor-widget-container\">\n\t\t\t\t\t<h2 class=\"elementor-heading-title elementor-size-default\">Einrichtung<\/h2>\t\t\t\t<\/div>\n\t\t\t\t<\/div>\n\t\t\t\t<div class=\"elementor-element elementor-element-79bd16dd elementor-hidden-desktop elementor-hidden-tablet elementor-widget elementor-widget-heading\" data-id=\"79bd16dd\" data-element_type=\"widget\" data-widget_type=\"heading.default\">\n\t\t\t\t<div class=\"elementor-widget-container\">\n\t\t\t\t\t<h2 class=\"elementor-heading-title elementor-size-default\">Einrichtung<\/h2>\t\t\t\t<\/div>\n\t\t\t\t<\/div>\n\t\t\t\t<div class=\"elementor-element elementor-element-32eda10a elementor-widget elementor-widget-spacer\" data-id=\"32eda10a\" data-element_type=\"widget\" data-widget_type=\"spacer.default\">\n\t\t\t\t<div class=\"elementor-widget-container\">\n\t\t\t\t\t\t\t<div class=\"elementor-spacer\">\n\t\t\t<div class=\"elementor-spacer-inner\"><\/div>\n\t\t<\/div>\n\t\t\t\t\t\t<\/div>\n\t\t\t\t<\/div>\n\t\t\t\t<\/div>\n\t\t\t\t\t<\/div>\n\t\t\t\t<\/div>\n\t\t<div class=\"elementor-element elementor-element-32b40738 e-flex e-con-boxed e-con e-parent\" data-id=\"32b40738\" data-element_type=\"container\">\n\t\t\t\t\t<div class=\"e-con-inner\">\n\t\t\t\t<div class=\"elementor-element elementor-element-673328d7 elementor-widget elementor-widget-text-editor\" data-id=\"673328d7\" data-element_type=\"widget\" data-widget_type=\"text-editor.default\">\n\t\t\t\t<div class=\"elementor-widget-container\">\n\t\t\t\t\t\t\t\t\t<p>Sie sind Einrichtungsleitung und\/oder Pflegedienstleistung und bekommen den Dienstplan nicht abgedeckt? Ein kurzfristiger Ausfall eines Mitarbeiters muss schnell kompensiert werden? Sie suchen geeignetes (Fach-) Personal? Ihre Mitarbeiter sind zunehmend unzufrieden, da die Arbeitsbelastung durch Mehrarbeit steigt?<\/p><p>Wir k\u00f6nnen unterst\u00fctzen.\u00a0Flexibel, zu \u00fcberschaubaren Kosten mit\u00a0wenig Aufwand\u00a0und gro\u00dfen Bewerberpool.\u00a0Schnell\u00a0und\u00a0unkompliziert.\u00a0<\/p><p>Profitieren Sie von der hohen Erfahrung und Flexibilit\u00e4t unserer Mitarbeiter und \u00fcberbr\u00fccken Sie Vakanzen. Lernen Sie so ggf. Ihren neuen Mitarbeiter kennen. Mit wenig Aufwand haben Sie eine Vielzahl von M\u00f6glichkeiten. Konnten wir Ihr Interesse wecken? Dann nutzen Sie bitte unser Kontaktformular oder rufen Sie an.<\/p>\t\t\t\t\t\t\t\t<\/div>\n\t\t\t\t<\/div>\n\t\t\t\t<div class=\"elementor-element elementor-element-3e5b6167 elementor-widget elementor-widget-spacer\" data-id=\"3e5b6167\" data-element_type=\"widget\" data-widget_type=\"spacer.default\">\n\t\t\t\t<div class=\"elementor-widget-container\">\n\t\t\t\t\t\t\t<div class=\"elementor-spacer\">\n\t\t\t<div class=\"elementor-spacer-inner\"><\/div>\n\t\t<\/div>\n\t\t\t\t\t\t<\/div>\n\t\t\t\t<\/div>\n\t\t\t\t\t<\/div>\n\t\t\t\t<\/div>\n\t\t<div class=\"elementor-element elementor-element-6631c8 e-flex e-con-boxed e-con e-parent\" data-id=\"6631c8\" data-element_type=\"container\">\n\t\t\t\t\t<div class=\"e-con-inner\">\n\t\t\t\t<div class=\"elementor-element elementor-element-a923942 e-grid-align-mobile-left elementor-shape-rounded elementor-grid-0 e-grid-align-center elementor-widget elementor-widget-social-icons\" data-id=\"a923942\" data-element_type=\"widget\" data-widget_type=\"social-icons.default\">\n\t\t\t\t<div class=\"elementor-widget-container\">\n\t\t\t\t\t\t\t<div class=\"elementor-social-icons-wrapper elementor-grid\">\n\t\t\t\t\t\t\t<span class=\"elementor-grid-item\">\n\t\t\t\t\t<a class=\"elementor-icon elementor-social-icon elementor-social-icon-phone-alt elementor-animation-grow elementor-repeater-item-264ed11\" href=\"tel:044428328920\" target=\"_blank\">\n\t\t\t\t\t\t<span class=\"elementor-screen-only\">Phone-alt<\/span>\n\t\t\t\t\t\t<svg class=\"e-font-icon-svg e-fas-phone-alt\" viewBox=\"0 0 512 512\" xmlns=\"http:\/\/www.w3.org\/2000\/svg\"><path d=\"M497.39 361.8l-112-48a24 24 0 0 0-28 6.9l-49.6 60.6A370.66 370.66 0 0 1 130.6 204.11l60.6-49.6a23.94 23.94 0 0 0 6.9-28l-48-112A24.16 24.16 0 0 0 122.6.61l-104 24A24 24 0 0 0 0 48c0 256.5 207.9 464 464 464a24 24 0 0 0 23.4-18.6l24-104a24.29 24.29 0 0 0-14.01-27.6z\"><\/path><\/svg>\t\t\t\t\t<\/a>\n\t\t\t\t<\/span>\n\t\t\t\t\t<\/div>\n\t\t\t\t\t\t<\/div>\n\t\t\t\t<\/div>\n\t\t\t\t<div class=\"elementor-element elementor-element-8b19b4f elementor-widget elementor-widget-text-editor\" data-id=\"8b19b4f\" data-element_type=\"widget\" data-widget_type=\"text-editor.default\">\n\t\t\t\t<div class=\"elementor-widget-container\">\n\t\t\t\t\t\t\t\t\t<p>04442 83 28 920<\/p>\t\t\t\t\t\t\t\t<\/div>\n\t\t\t\t<\/div>\n\t\t\t\t<div class=\"elementor-element elementor-element-6f25f79f elementor-widget elementor-widget-spacer\" data-id=\"6f25f79f\" data-element_type=\"widget\" data-widget_type=\"spacer.default\">\n\t\t\t\t<div class=\"elementor-widget-container\">\n\t\t\t\t\t\t\t<div class=\"elementor-spacer\">\n\t\t\t<div class=\"elementor-spacer-inner\"><\/div>\n\t\t<\/div>\n\t\t\t\t\t\t<\/div>\n\t\t\t\t<\/div>\n\t\t\t\t\t<\/div>\n\t\t\t\t<\/div>\n\t\t\t\t<\/div>\n\t\t","protected":false},"excerpt":{"rendered":"<p>Einrichtung Einrichtung Sie sind Einrichtungsleitung und\/oder Pflegedienstleistung und bekommen den Dienstplan nicht abgedeckt? Ein kurzfristiger Ausfall eines Mitarbeiters muss schnell kompensiert werden? Sie suchen geeignetes (Fach-) Personal? Ihre Mitarbeiter sind zunehmend unzufrieden, da die Arbeitsbelastung durch Mehrarbeit steigt? Wir k\u00f6nnen unterst\u00fctzen.\u00a0Flexibel, zu \u00fcberschaubaren Kosten mit\u00a0wenig Aufwand\u00a0und gro\u00dfen Bewerberpool.\u00a0Schnell\u00a0und\u00a0unkompliziert.\u00a0 Profitieren Sie von der hohen Erfahrung und [&hellip;]<\/p>\n","protected":false},"author":2,"featured_media":0,"parent":0,"menu_order":0,"comment_status":"closed","ping_status":"closed","template":"elementor_header_footer","meta":{"footnotes":""},"class_list":["post-3009","page","type-page","status-publish","hentry"],"_links":{"self":[{"href":"https:\/\/guenther-pps.de\/index.php\/wp-json\/wp\/v2\/pages\/3009","targetHints":{"allow":["GET"]}}],"collection":[{"href":"https:\/\/guenther-pps.de\/index.php\/wp-json\/wp\/v2\/pages"}],"about":[{"href":"https:\/\/guenther-pps.de\/index.php\/wp-json\/wp\/v2\/types\/page"}],"author":[{"embeddable":true,"href":"https:\/\/guenther-pps.de\/index.php\/wp-json\/wp\/v2\/users\/2"}],"replies":[{"embeddable":true,"href":"https:\/\/guenther-pps.de\/index.php\/wp-json\/wp\/v2\/comments?post=3009"}],"version-history":[{"count":22,"href":"https:\/\/guenther-pps.de\/index.php\/wp-json\/wp\/v2\/pages\/3009\/revisions"}],"predecessor-version":[{"id":3133,"href":"https:\/\/guenther-pps.de\/index.php\/wp-json\/wp\/v2\/pages\/3009\/revisions\/3133"}],"wp:attachment":[{"href":"https:\/\/guenther-pps.de\/index.php\/wp-json\/wp\/v2\/media?parent=3009"}],"curies":[{"name":"wp","href":"https:\/\/api.w.org\/{rel}","templated":true}]}}