{"id":3056,"date":"2025-01-25T12:04:39","date_gmt":"2025-01-25T12:04:39","guid":{"rendered":"https:\/\/guenther-pps.de\/?page_id=3056"},"modified":"2025-01-25T12:58:14","modified_gmt":"2025-01-25T12:58:14","slug":"ueber-uns-alltagshelden","status":"publish","type":"page","link":"https:\/\/guenther-pps.de\/index.php\/ueber-uns-alltagshelden\/","title":{"rendered":"\u00dcber Uns Alltagshelden"},"content":{"rendered":"\t\t<div data-elementor-type=\"wp-page\" data-elementor-id=\"3056\" class=\"elementor elementor-3056\" data-elementor-post-type=\"page\">\n\t\t\t\t<div class=\"elementor-element elementor-element-1071ef8d e-flex e-con-boxed e-con e-parent\" data-id=\"1071ef8d\" data-element_type=\"container\">\n\t\t\t\t\t<div class=\"e-con-inner\">\n\t\t\t\t<div class=\"elementor-element elementor-element-163b987d elementor-widget elementor-widget-spacer\" data-id=\"163b987d\" data-element_type=\"widget\" data-widget_type=\"spacer.default\">\n\t\t\t\t<div class=\"elementor-widget-container\">\n\t\t\t\t\t\t\t<div class=\"elementor-spacer\">\n\t\t\t<div class=\"elementor-spacer-inner\"><\/div>\n\t\t<\/div>\n\t\t\t\t\t\t<\/div>\n\t\t\t\t<\/div>\n\t\t\t\t\t<\/div>\n\t\t\t\t<\/div>\n\t\t<div class=\"elementor-element elementor-element-3c1aae5c e-flex e-con-boxed e-con e-parent\" data-id=\"3c1aae5c\" data-element_type=\"container\">\n\t\t\t\t\t<div class=\"e-con-inner\">\n\t\t<div class=\"elementor-element elementor-element-70c98da4 e-con-full e-flex e-con e-child\" data-id=\"70c98da4\" data-element_type=\"container\">\n\t\t\t\t<div class=\"elementor-element elementor-element-47b10237 elementor-widget elementor-widget-image\" data-id=\"47b10237\" data-element_type=\"widget\" data-widget_type=\"image.default\">\n\t\t\t\t<div class=\"elementor-widget-container\">\n\t\t\t\t\t\t\t\t\t\t\t\t\t\t\t<img fetchpriority=\"high\" decoding=\"async\" width=\"260\" height=\"300\" src=\"https:\/\/guenther-pps.de\/wp-content\/uploads\/2023\/03\/WhatsApp-Image-2023-01-01-at-21.33.23-260x300.jpeg\" class=\"attachment-medium size-medium wp-image-1847 lazyload\" alt=\"\" srcset=\"data:image\/svg+xml,%3Csvg%20xmlns%3D%27http%3A%2F%2Fwww.w3.org%2F2000%2Fsvg%27%20width%3D%271276%27%20height%3D%271473%27%20viewBox%3D%270%200%201276%201473%27%3E%3Crect%20width%3D%271276%27%20height%3D%271473%27%20fill-opacity%3D%220%22%2F%3E%3C%2Fsvg%3E\" data-orig-src=\"https:\/\/guenther-pps.de\/wp-content\/uploads\/2023\/03\/WhatsApp-Image-2023-01-01-at-21.33.23-260x300.jpeg\" data-srcset=\"https:\/\/guenther-pps.de\/wp-content\/uploads\/2023\/03\/WhatsApp-Image-2023-01-01-at-21.33.23-200x231.jpeg 200w, https:\/\/guenther-pps.de\/wp-content\/uploads\/2023\/03\/WhatsApp-Image-2023-01-01-at-21.33.23-260x300.jpeg 260w, https:\/\/guenther-pps.de\/wp-content\/uploads\/2023\/03\/WhatsApp-Image-2023-01-01-at-21.33.23-400x462.jpeg 400w, https:\/\/guenther-pps.de\/wp-content\/uploads\/2023\/03\/WhatsApp-Image-2023-01-01-at-21.33.23-600x693.jpeg 600w, https:\/\/guenther-pps.de\/wp-content\/uploads\/2023\/03\/WhatsApp-Image-2023-01-01-at-21.33.23-768x887.jpeg 768w, https:\/\/guenther-pps.de\/wp-content\/uploads\/2023\/03\/WhatsApp-Image-2023-01-01-at-21.33.23-800x924.jpeg 800w, https:\/\/guenther-pps.de\/wp-content\/uploads\/2023\/03\/WhatsApp-Image-2023-01-01-at-21.33.23-887x1024.jpeg 887w, https:\/\/guenther-pps.de\/wp-content\/uploads\/2023\/03\/WhatsApp-Image-2023-01-01-at-21.33.23-1200x1385.jpeg 1200w, https:\/\/guenther-pps.de\/wp-content\/uploads\/2023\/03\/WhatsApp-Image-2023-01-01-at-21.33.23.jpeg 1276w\" data-sizes=\"auto\" \/>\t\t\t\t\t\t\t\t\t\t\t\t\t\t\t<\/div>\n\t\t\t\t<\/div>\n\t\t\t\t<div class=\"elementor-element elementor-element-23f3267f elementor-widget elementor-widget-image\" data-id=\"23f3267f\" data-element_type=\"widget\" data-widget_type=\"image.default\">\n\t\t\t\t<div class=\"elementor-widget-container\">\n\t\t\t\t\t\t\t\t\t\t\t\t\t\t\t<img decoding=\"async\" width=\"259\" height=\"300\" src=\"https:\/\/guenther-pps.de\/wp-content\/uploads\/2023\/03\/WhatsApp-Image-2023-01-01-at-21.33.08-e1679522279977-259x300.jpeg\" class=\"attachment-medium size-medium wp-image-1848 lazyload\" alt=\"\" srcset=\"data:image\/svg+xml,%3Csvg%20xmlns%3D%27http%3A%2F%2Fwww.w3.org%2F2000%2Fsvg%27%20width%3D%271122%27%20height%3D%271299%27%20viewBox%3D%270%200%201122%201299%27%3E%3Crect%20width%3D%271122%27%20height%3D%271299%27%20fill-opacity%3D%220%22%2F%3E%3C%2Fsvg%3E\" data-orig-src=\"https:\/\/guenther-pps.de\/wp-content\/uploads\/2023\/03\/WhatsApp-Image-2023-01-01-at-21.33.08-e1679522279977-259x300.jpeg\" data-srcset=\"https:\/\/guenther-pps.de\/wp-content\/uploads\/2023\/03\/WhatsApp-Image-2023-01-01-at-21.33.08-e1679522279977-200x232.jpeg 200w, https:\/\/guenther-pps.de\/wp-content\/uploads\/2023\/03\/WhatsApp-Image-2023-01-01-at-21.33.08-e1679522279977-259x300.jpeg 259w, https:\/\/guenther-pps.de\/wp-content\/uploads\/2023\/03\/WhatsApp-Image-2023-01-01-at-21.33.08-e1679522279977-400x463.jpeg 400w, https:\/\/guenther-pps.de\/wp-content\/uploads\/2023\/03\/WhatsApp-Image-2023-01-01-at-21.33.08-e1679522279977-600x695.jpeg 600w, https:\/\/guenther-pps.de\/wp-content\/uploads\/2023\/03\/WhatsApp-Image-2023-01-01-at-21.33.08-e1679522279977-768x889.jpeg 768w, https:\/\/guenther-pps.de\/wp-content\/uploads\/2023\/03\/WhatsApp-Image-2023-01-01-at-21.33.08-e1679522279977-800x926.jpeg 800w, https:\/\/guenther-pps.de\/wp-content\/uploads\/2023\/03\/WhatsApp-Image-2023-01-01-at-21.33.08-e1679522279977-884x1024.jpeg 884w, https:\/\/guenther-pps.de\/wp-content\/uploads\/2023\/03\/WhatsApp-Image-2023-01-01-at-21.33.08-e1679522279977.jpeg 1122w\" data-sizes=\"auto\" \/>\t\t\t\t\t\t\t\t\t\t\t\t\t\t\t<\/div>\n\t\t\t\t<\/div>\n\t\t\t\t<\/div>\n\t\t<div class=\"elementor-element elementor-element-3c6804b6 e-con-full e-flex e-con e-child\" data-id=\"3c6804b6\" data-element_type=\"container\">\n\t\t\t\t<div class=\"elementor-element elementor-element-117684e1 elementor-widget elementor-widget-text-editor\" data-id=\"117684e1\" data-element_type=\"widget\" data-widget_type=\"text-editor.default\">\n\t\t\t\t<div class=\"elementor-widget-container\">\n\t\t\t\t\t\t\t\t\t<p><strong>Wer sind wir?<\/strong><\/p><p>Wir, das sind Nadine und Ronny G\u00fcnther. Beide mit langj\u00e4hriger Pflegeerfahrung in verschiedenen Einrichtungen.<\/p><p>Mit steigenden Personalmangel steigen auch die Herausforderungen. Pflege macht \u201eman\u201c nicht mal eben so, auch wenn gesellschaftlich oftmals der Eindruck erweckt wird.<\/p><p>Pflege, das hei\u00dft Verantwortung und Pflichtbewusstsein. Pflege hei\u00dft oftmals auch seine eigenen Bed\u00fcrfnisse zur\u00fcck zu stellen. Wir finden Pflege muss attraktiv sein. Der Pflegeberuf muss allen, die ihn aus\u00fcben noch den Platz lassen auch ihren eigenen W\u00fcnschen und Bed\u00fcrfnissen nachzugehen.<\/p><p>Pflege darf nicht krank machen. Pflege muss attraktiv honoriert werden. Dies ist unser Credo. Das wollen wir umsetzen.<\/p><p>Faire Bedingungen und faire Entlohnung. Daf\u00fcr stehen wir.<\/p><p>Seit Dezember 2024 haben wir unser Engagement erweitert und das neue Themenfeld \u201eAlltagshelden\u201c ins Leben gerufen. Damit m\u00f6chten wir Menschen im Landkreis Vechta und Umgebung gezielt unterst\u00fctzen. In unserer Region gibt es einen sp\u00fcrbaren Mangel an Unterst\u00fctzungsangeboten, den wir mit unserem Angebot schlie\u00dfen m\u00f6chten. Die \u201eAlltagshelden\u201c richten sich an alle, die Anspruch auf den Entlastungsbeitrag haben.\u00a0<\/p><p>Die Alltagshelden sind nicht nur im Landkreis Vechta f\u00fcr Sie da, sondern auch in den umliegenden Gemeinden wie Neuenkirchen-V\u00f6rden, Rieste und anderen Orten in der Region. Unser Angebot richtet sich an alle, die Unterst\u00fctzung im Alltag ben\u00f6tigen \u2013 ganz egal, ob im Landkreis Vechta oder in den Nachbargemeinden. Z\u00f6gern Sie nicht, uns zu kontaktieren!<\/p><p>Unser Ziel ist es, den Alltag ein St\u00fcck leichter zu machen und dort Hilfe zu bieten, wo sie am dringendsten ben\u00f6tigt wird.<\/p>\t\t\t\t\t\t\t\t<\/div>\n\t\t\t\t<\/div>\n\t\t\t\t<\/div>\n\t\t\t\t\t<\/div>\n\t\t\t\t<\/div>\n\t\t<div class=\"elementor-element elementor-element-5ed2e4bc e-flex e-con-boxed e-con e-parent\" data-id=\"5ed2e4bc\" data-element_type=\"container\">\n\t\t\t\t\t<div class=\"e-con-inner\">\n\t\t\t\t<div class=\"elementor-element elementor-element-6021eef3 elementor-widget elementor-widget-spacer\" data-id=\"6021eef3\" data-element_type=\"widget\" data-widget_type=\"spacer.default\">\n\t\t\t\t<div class=\"elementor-widget-container\">\n\t\t\t\t\t\t\t<div class=\"elementor-spacer\">\n\t\t\t<div class=\"elementor-spacer-inner\"><\/div>\n\t\t<\/div>\n\t\t\t\t\t\t<\/div>\n\t\t\t\t<\/div>\n\t\t\t\t\t<\/div>\n\t\t\t\t<\/div>\n\t\t\t\t<\/div>\n\t\t","protected":false},"excerpt":{"rendered":"<p>Wer sind wir? Wir, das sind Nadine und Ronny G\u00fcnther. Beide mit langj\u00e4hriger Pflegeerfahrung in verschiedenen Einrichtungen. Mit steigenden Personalmangel steigen auch die Herausforderungen. Pflege macht \u201eman\u201c nicht mal eben so, auch wenn gesellschaftlich oftmals der Eindruck erweckt wird. Pflege, das hei\u00dft Verantwortung und Pflichtbewusstsein. Pflege hei\u00dft oftmals auch seine eigenen Bed\u00fcrfnisse zur\u00fcck zu stellen. [&hellip;]<\/p>\n","protected":false},"author":2,"featured_media":0,"parent":0,"menu_order":0,"comment_status":"closed","ping_status":"closed","template":"elementor_header_footer","meta":{"footnotes":""},"class_list":["post-3056","page","type-page","status-publish","hentry"],"_links":{"self":[{"href":"https:\/\/guenther-pps.de\/index.php\/wp-json\/wp\/v2\/pages\/3056","targetHints":{"allow":["GET"]}}],"collection":[{"href":"https:\/\/guenther-pps.de\/index.php\/wp-json\/wp\/v2\/pages"}],"about":[{"href":"https:\/\/guenther-pps.de\/index.php\/wp-json\/wp\/v2\/types\/page"}],"author":[{"embeddable":true,"href":"https:\/\/guenther-pps.de\/index.php\/wp-json\/wp\/v2\/users\/2"}],"replies":[{"embeddable":true,"href":"https:\/\/guenther-pps.de\/index.php\/wp-json\/wp\/v2\/comments?post=3056"}],"version-history":[{"count":10,"href":"https:\/\/guenther-pps.de\/index.php\/wp-json\/wp\/v2\/pages\/3056\/revisions"}],"predecessor-version":[{"id":3146,"href":"https:\/\/guenther-pps.de\/index.php\/wp-json\/wp\/v2\/pages\/3056\/revisions\/3146"}],"wp:attachment":[{"href":"https:\/\/guenther-pps.de\/index.php\/wp-json\/wp\/v2\/media?parent=3056"}],"curies":[{"name":"wp","href":"https:\/\/api.w.org\/{rel}","templated":true}]}}